{"id":1068,"date":"2024-10-30T01:26:53","date_gmt":"2024-10-30T00:26:53","guid":{"rendered":"https:\/\/exprimoadria.com\/exprimo-adria\/"},"modified":"2025-03-17T09:21:14","modified_gmt":"2025-03-17T08:21:14","slug":"exprimo-adria","status":"publish","type":"page","link":"https:\/\/exprimoadria.com\/de\/","title":{"rendered":"Exprimo Adria"},"content":{"rendered":"    <section class=\"block-slider\">\n        <div class=\"block-slider block-slider-owl owl-carousel\">\n\t\t\t                <div class=\"block-slider-item\">\n                    <picture>\n\t\t\t\t\t\t                        <source class=\"owl-lazy\" data-srcset=\"https:\/\/exprimoadria.com\/wp-content\/uploads\/2024\/11\/IMG-20240509-WA0000.jpg\" media=\"(min-width: 720px)\"\/>\n                        <img class=\"owl-lazy\" data-src=\"https:\/\/exprimoadria.com\/wp-content\/uploads\/2024\/11\/IMG-20240509-WA0000.jpg\" alt=\"Shrink wrap von h\u00f6chster Qualit\u00e4t\"\n                             width=\"345\" height=\"460\"\/>\n                    <\/picture>\n                    <div class=\"container block-slider-item-content\">\n                        <div class=\"container-wrapper\">\n                            <p class=\"title\">Shrink wrap von h\u00f6chster Qualit\u00e4t<\/p>\n                            <p class=\"description\">Hochwertige Thermoschrumpffolie und unser Expertenteam sind die ideale Kombination f\u00fcr all Ihre Ideen oder DIY-Projekte<\/p>\n\t\t\t\t\t\t\t                                <p class=\"buttons\">\n                                    <a class=\"button button-primary\" href=\"\/shrink-wrap\/\"\n                                       target=\"\">\n\t\t\t\t\t\t\t\t\t\tErfahren Sie mehr                                    <\/a>\n                                <\/p>\n\t\t\t\t\t\t\t                        <\/div>\n                    <\/div>\n                <\/div>\n\t\t\t                <div class=\"block-slider-item\">\n                    <picture>\n\t\t\t\t\t\t                        <source class=\"owl-lazy\" data-srcset=\"https:\/\/exprimoadria.com\/wp-content\/uploads\/2024\/11\/IMG-20230614-WA0013.jpg\" media=\"(min-width: 720px)\"\/>\n                        <img class=\"owl-lazy\" data-src=\"https:\/\/exprimoadria.com\/wp-content\/uploads\/2024\/11\/IMG-20230614-WA0013.jpg\" alt=\"Nautik\"\n                             width=\"345\" height=\"460\"\/>\n                    <\/picture>\n                    <div class=\"container block-slider-item-content\">\n                        <div class=\"container-wrapper\">\n                            <p class=\"title\">Nautik<\/p>\n                            <p class=\"description\">Shrink Wrap-Schutz f\u00fcr die Nautik bietet au\u00dfergew\u00f6hnliche Widerstandsf\u00e4higkeit gegen alle \u00e4u\u00dferen Einfl\u00fcsse \u2013 Winterwetter, Salz, UV-Strahlen, Staub und St\u00f6\u00dfe.<\/p>\n\t\t\t\t\t\t\t                                <p class=\"buttons\">\n                                    <a class=\"button button-primary\" href=\"\/de\/dienstleistungen\/nautik\/\"\n                                       target=\"\">\n\t\t\t\t\t\t\t\t\t\tErfahren Sie mehr                                    <\/a>\n                                <\/p>\n\t\t\t\t\t\t\t                        <\/div>\n                    <\/div>\n                <\/div>\n\t\t\t                <div class=\"block-slider-item\">\n                    <picture>\n\t\t\t\t\t\t                        <source class=\"owl-lazy\" data-srcset=\"https:\/\/exprimoadria.com\/wp-content\/uploads\/2024\/11\/IMG-20230614-WA0017.jpg\" media=\"(min-width: 720px)\"\/>\n                        <img class=\"owl-lazy\" data-src=\"https:\/\/exprimoadria.com\/wp-content\/uploads\/2024\/11\/IMG-20230614-WA0017.jpg\" alt=\"Industrie\"\n                             width=\"345\" height=\"460\"\/>\n                    <\/picture>\n                    <div class=\"container block-slider-item-content\">\n                        <div class=\"container-wrapper\">\n                            <p class=\"title\">Industrie<\/p>\n                            <p class=\"description\">Unsere Thermoschrumpffolie bietet anpassbare L\u00f6sungen, die einen festen und langlebigen Schutz vor \u00e4u\u00dferen Einfl\u00fcssen bieten \u2013 sei es im Lager, Transport oder w\u00e4hrend l\u00e4ngerer Lagerung im Freien.<\/p>\n\t\t\t\t\t\t\t                                <p class=\"buttons\">\n                                    <a class=\"button button-primary\" href=\"\/de\/dienstleistungen\/industrie\/\"\n                                       target=\"\">\n\t\t\t\t\t\t\t\t\t\tErfahren Sie mehr                                    <\/a>\n                                <\/p>\n\t\t\t\t\t\t\t                        <\/div>\n                    <\/div>\n                <\/div>\n\t\t\t                <div class=\"block-slider-item\">\n                    <picture>\n\t\t\t\t\t\t                        <source class=\"owl-lazy\" data-srcset=\"https:\/\/exprimoadria.com\/wp-content\/uploads\/2025\/01\/foto_expirmo.jpg\" media=\"(min-width: 720px)\"\/>\n                        <img class=\"owl-lazy\" data-src=\"https:\/\/exprimoadria.com\/wp-content\/uploads\/2025\/01\/foto_expirmo.jpg\" alt=\"Bauwesen\"\n                             width=\"345\" height=\"460\"\/>\n                    <\/picture>\n                    <div class=\"container block-slider-item-content\">\n                        <div class=\"container-wrapper\">\n                            <p class=\"title\">Bauwesen<\/p>\n                            <p class=\"description\">Als Schutz f\u00fcr Konstruktionen, Maschinen oder Bauequipment schafft unser hochwertiges Material eine feste und zuverl\u00e4ssige Barriere gegen alle \u00e4u\u00dferen Einfl\u00fcsse, einschlie\u00dflich Regen, Wind, Staub, UV-Strahlen und extreme Temperaturen.<\/p>\n\t\t\t\t\t\t\t                                <p class=\"buttons\">\n                                    <a class=\"button button-primary\" href=\"\/de\/dienstleistungen\/bauwesen\/\"\n                                       target=\"\">\n\t\t\t\t\t\t\t\t\t\tErfahren Sie mehr                                    <\/a>\n                                <\/p>\n\t\t\t\t\t\t\t                        <\/div>\n                    <\/div>\n                <\/div>\n\t\t\t        <\/div>\n    <\/section>\n\n\n    <section class=\"block-slider-services dark\">\n        <div class=\"block-slider-services-holder\">\n            <div class=\"block-slider-services-wrapper\">\n                <div class=\"subtitle\">Exprimo Adria<\/div>\n                <h2>Unsere Dienstleistungen<\/h2>\n                <div class=\"title-separator\"><\/div>\n\t\t\t\t                    <div class=\"block-slider-services-grid owl-carousel container\">\n\t\t\t\t\t\t                            <div class=\"block-slider-services-item\">\n                                <div class=\"image\">\n                                    <a href=\"https:\/\/exprimoadria.com\/de\/dienstleistungen\/nautik\/\" title=\"Nautik\">\n\t\t\t\t\t\t\t\t\t\t\t\t\t\t\t\t\t\t\t\t\t<img loading=\"lazy\" decoding=\"async\" width=\"640\" height=\"480\" src=\"https:\/\/exprimoadria.com\/wp-content\/uploads\/2024\/12\/IMG-20241108-WA0032-1024x768.jpg\" class=\"square wp-post-image\" alt=\"\" srcset=\"https:\/\/exprimoadria.com\/wp-content\/uploads\/2024\/12\/IMG-20241108-WA0032-1024x768.jpg 1024w, https:\/\/exprimoadria.com\/wp-content\/uploads\/2024\/12\/IMG-20241108-WA0032-300x225.jpg 300w, https:\/\/exprimoadria.com\/wp-content\/uploads\/2024\/12\/IMG-20241108-WA0032-768x576.jpg 768w, https:\/\/exprimoadria.com\/wp-content\/uploads\/2024\/12\/IMG-20241108-WA0032-1536x1152.jpg 1536w, https:\/\/exprimoadria.com\/wp-content\/uploads\/2024\/12\/IMG-20241108-WA0032-600x450.jpg 600w, https:\/\/exprimoadria.com\/wp-content\/uploads\/2024\/12\/IMG-20241108-WA0032.jpg 1600w\" sizes=\"auto, (max-width: 640px) 100vw, 640px\" \/>\t\t\t\t\t\t\t\t\t\t                                    <\/a>\n                                <\/div>\n                                <div class=\"info-wrapper\">\n                                    <div class=\"info\">\n                                        <a href=\"https:\/\/exprimoadria.com\/de\/dienstleistungen\/nautik\/\" title=\"Nautik\">\n\t\t\t\t\t\t\t\t\t\t\t<h3>Nautik<\/h3>                                        <\/a>\n\t\t\t\t\t\t\t\t\t\t<p>Sch\u00fctzen Sie Ihr Schiff mit Shrink Wrap, der besten und zuverl\u00e4ssigsten Methode, die einen vollst\u00e4ndigen Schutz vor Wetterbedingungen, UV-Strahlung und saurem Regen gew\u00e4hrleistet. Sorgen Sie f\u00fcr die beste Pflege Ihres Schiffs!<\/p>\n                                    <\/div>\n                                <\/div>\n                            <\/div>\n\t\t\t\t\t\t                            <div class=\"block-slider-services-item\">\n                                <div class=\"image\">\n                                    <a href=\"https:\/\/exprimoadria.com\/de\/dienstleistungen\/industrie\/\" title=\"Industrie\">\n\t\t\t\t\t\t\t\t\t\t\t\t\t\t\t\t\t\t\t\t\t<img loading=\"lazy\" decoding=\"async\" width=\"640\" height=\"480\" src=\"https:\/\/exprimoadria.com\/wp-content\/uploads\/2024\/10\/IMG-20241020-WA0036-1024x768.jpg\" class=\"square wp-post-image\" alt=\"\" srcset=\"https:\/\/exprimoadria.com\/wp-content\/uploads\/2024\/10\/IMG-20241020-WA0036-1024x768.jpg 1024w, https:\/\/exprimoadria.com\/wp-content\/uploads\/2024\/10\/IMG-20241020-WA0036-300x225.jpg 300w, https:\/\/exprimoadria.com\/wp-content\/uploads\/2024\/10\/IMG-20241020-WA0036-768x576.jpg 768w, https:\/\/exprimoadria.com\/wp-content\/uploads\/2024\/10\/IMG-20241020-WA0036-1536x1152.jpg 1536w, https:\/\/exprimoadria.com\/wp-content\/uploads\/2024\/10\/IMG-20241020-WA0036-600x450.jpg 600w, https:\/\/exprimoadria.com\/wp-content\/uploads\/2024\/10\/IMG-20241020-WA0036.jpg 1600w\" sizes=\"auto, (max-width: 640px) 100vw, 640px\" \/>\t\t\t\t\t\t\t\t\t\t                                    <\/a>\n                                <\/div>\n                                <div class=\"info-wrapper\">\n                                    <div class=\"info\">\n                                        <a href=\"https:\/\/exprimoadria.com\/de\/dienstleistungen\/industrie\/\" title=\"Industrie\">\n\t\t\t\t\t\t\t\t\t\t\t<h3>Industrie<\/h3>                                        <\/a>\n\t\t\t\t\t\t\t\t\t\t<p>Shrink Wrap erm\u00f6glicht eine sichere Lagerung und den Transport von Maschinen, Materialien und Konstruktionen, wodurch Wartungs- und Reparaturkosten gesenkt werden. Sichern Sie den vollst\u00e4ndigen Schutz Ihres Eigentums!<\/p>\n                                    <\/div>\n                                <\/div>\n                            <\/div>\n\t\t\t\t\t\t                            <div class=\"block-slider-services-item\">\n                                <div class=\"image\">\n                                    <a href=\"https:\/\/exprimoadria.com\/de\/dienstleistungen\/bauwesen\/\" title=\"Bauwesen\">\n\t\t\t\t\t\t\t\t\t\t\t\t\t\t\t\t\t\t\t\t\t<img loading=\"lazy\" decoding=\"async\" width=\"640\" height=\"361\" src=\"https:\/\/exprimoadria.com\/wp-content\/uploads\/2024\/11\/IMG-20240525-WA0014-1024x577.jpg\" class=\"square wp-post-image\" alt=\"\" srcset=\"https:\/\/exprimoadria.com\/wp-content\/uploads\/2024\/11\/IMG-20240525-WA0014-1024x577.jpg 1024w, https:\/\/exprimoadria.com\/wp-content\/uploads\/2024\/11\/IMG-20240525-WA0014-300x169.jpg 300w, https:\/\/exprimoadria.com\/wp-content\/uploads\/2024\/11\/IMG-20240525-WA0014-768x432.jpg 768w, https:\/\/exprimoadria.com\/wp-content\/uploads\/2024\/11\/IMG-20240525-WA0014-1536x865.jpg 1536w, https:\/\/exprimoadria.com\/wp-content\/uploads\/2024\/11\/IMG-20240525-WA0014-600x338.jpg 600w, https:\/\/exprimoadria.com\/wp-content\/uploads\/2024\/11\/IMG-20240525-WA0014-1600x901.jpg 1600w, https:\/\/exprimoadria.com\/wp-content\/uploads\/2024\/11\/IMG-20240525-WA0014.jpg 2048w\" sizes=\"auto, (max-width: 640px) 100vw, 640px\" \/>\t\t\t\t\t\t\t\t\t\t                                    <\/a>\n                                <\/div>\n                                <div class=\"info-wrapper\">\n                                    <div class=\"info\">\n                                        <a href=\"https:\/\/exprimoadria.com\/de\/dienstleistungen\/bauwesen\/\" title=\"Bauwesen\">\n\t\t\t\t\t\t\t\t\t\t\t<h3>Bauwesen<\/h3>                                        <\/a>\n\t\t\t\t\t\t\t\t\t\t<p>Shrink Wrap bietet erstklassigen Schutz und erm\u00f6glicht es Ihnen, kontinuierlich an allen Bauprojekten unter allen Wetterbedingungen zu arbeiten. Erh\u00f6hen Sie die Effizienz und Sicherheit auf der Baustelle!<\/p>\n                                    <\/div>\n                                <\/div>\n                            <\/div>\n\t\t\t\t\t\t\t\t\t\t\t\t                    <\/div>\n\t\t\t\t            <\/div>\n        <\/div>\n\t\t    <\/section>\n\n\n    <section class=\"block-featured-product\">\n        <div class=\"block-featured-product-grid container\">\n            <div class=\"block-featured-product-box image\">\n                <div class=\"featured-product-bg\" style=\"background-color: #f5f5f4;\"><\/div>\n                <img loading=\"lazy\" decoding=\"async\" src=\"https:\/\/exprimoadria.com\/wp-content\/uploads\/2024\/11\/dr_shrink_dark.svg\" alt=\"Garantierte Qualit\u00e4t\" width=\"560\" height=\"400\">\n\t\t\t\t            <\/div>\n            <div class=\"block-featured-product-box summary\">\n                <div class=\"block-featured-product-box-title\">\n                    <div class=\"subtitle\">Exprimo Adria<\/div>\n                    <h2>Garantierte Qualit\u00e4t <span><\/span><\/h2>\n                <\/div>\n                <p><p>Exprimo Adria ist seit vielen Jahren der europ\u00e4ische Vertreter des amerikanischen Herstellers Dr. Shrink Inc., der die Welt seit Jahrzehnten mit der besten Shrink Wrap Folie auf dem Markt versorgt.<\/p>\n<p>Die hochwertige Schrumpffolie ist entscheidend f\u00fcr die Erhaltung der Langlebigkeit Ihrer Schiffe, Maschinen oder Geb\u00e4ude.<\/p>\n<p>Unsere Teams arbeiten seit \u00fcber f\u00fcnfzehn Jahren an Projekten zum Schutz mit Schrumpffolie in ganz Europa und verwenden ausschlie\u00dflich das Material von Dr. Shrink h\u00f6chster Qualit\u00e4t.<\/p>\n<p>Kontaktieren Sie uns vertrauensvoll f\u00fcr Verpackungsdienste und Materialbestellungen. Erfahren Sie mehr (klicken Sie hier)<\/p>\n<\/p>\n\t\t\t\t\n\t\t\t\t\t\t\t\t                    <a href=\"https:\/\/dr-shrink.com\/\" class=\"button button-primary\"\n                       target=\"_blank\">\n\t\t\t\t\t\tErfahren Sie mehr                    <\/a>\n\t\t\t\t            <\/div>\n        <\/div>\n    <\/section>\n","protected":false},"excerpt":{"rendered":"","protected":false},"author":1,"featured_media":0,"parent":0,"menu_order":0,"comment_status":"closed","ping_status":"closed","template":"","meta":{"_acf_changed":false,"inline_featured_image":false,"footnotes":""},"class_list":["post-1068","page","type-page","status-publish","hentry"],"acf":[],"yoast_head":"<!-- This site is optimized with the Yoast SEO plugin v27.5 - https:\/\/yoast.com\/product\/yoast-seo-wordpress\/ -->\n<title>Exprimo Adria - Exprimo Adria - shrink wrap co.<\/title>\n<meta name=\"robots\" content=\"index, follow, max-snippet:-1, max-image-preview:large, max-video-preview:-1\" \/>\n<link rel=\"canonical\" href=\"https:\/\/exprimoadria.com\/de\/\" \/>\n<meta property=\"og:locale\" content=\"de_DE\" \/>\n<meta property=\"og:type\" content=\"article\" \/>\n<meta property=\"og:title\" content=\"Exprimo Adria - Exprimo Adria - shrink wrap co.\" \/>\n<meta property=\"og:url\" content=\"https:\/\/exprimoadria.com\/de\/\" \/>\n<meta property=\"og:site_name\" content=\"Exprimo Adria - shrink wrap co.\" \/>\n<meta property=\"article:modified_time\" content=\"2025-03-17T08:21:14+00:00\" \/>\n<meta name=\"twitter:card\" content=\"summary_large_image\" \/>\n<script type=\"application\/ld+json\" class=\"yoast-schema-graph\">{\"@context\":\"https:\\\/\\\/schema.org\",\"@graph\":[{\"@type\":\"WebPage\",\"@id\":\"https:\\\/\\\/exprimoadria.com\\\/de\\\/\",\"url\":\"https:\\\/\\\/exprimoadria.com\\\/de\\\/\",\"name\":\"Exprimo Adria - Exprimo Adria - shrink wrap co.\",\"isPartOf\":{\"@id\":\"https:\\\/\\\/exprimoadria.com\\\/de\\\/#website\"},\"datePublished\":\"2024-10-30T00:26:53+00:00\",\"dateModified\":\"2025-03-17T08:21:14+00:00\",\"breadcrumb\":{\"@id\":\"https:\\\/\\\/exprimoadria.com\\\/de\\\/#breadcrumb\"},\"inLanguage\":\"de\",\"potentialAction\":[{\"@type\":\"ReadAction\",\"target\":[\"https:\\\/\\\/exprimoadria.com\\\/de\\\/\"]}]},{\"@type\":\"BreadcrumbList\",\"@id\":\"https:\\\/\\\/exprimoadria.com\\\/de\\\/#breadcrumb\",\"itemListElement\":[{\"@type\":\"ListItem\",\"position\":1,\"name\":\"Po\u010detna stranica\",\"item\":\"https:\\\/\\\/exprimoadria.com\\\/de\\\/\"},{\"@type\":\"ListItem\",\"position\":2,\"name\":\"Exprimo Adria\"}]},{\"@type\":\"WebSite\",\"@id\":\"https:\\\/\\\/exprimoadria.com\\\/de\\\/#website\",\"url\":\"https:\\\/\\\/exprimoadria.com\\\/de\\\/\",\"name\":\"Exprimo Adria - shrink wrap co.\",\"description\":\"\",\"publisher\":{\"@id\":\"https:\\\/\\\/exprimoadria.com\\\/de\\\/#organization\"},\"potentialAction\":[{\"@type\":\"SearchAction\",\"target\":{\"@type\":\"EntryPoint\",\"urlTemplate\":\"https:\\\/\\\/exprimoadria.com\\\/de\\\/?s={search_term_string}\"},\"query-input\":{\"@type\":\"PropertyValueSpecification\",\"valueRequired\":true,\"valueName\":\"search_term_string\"}}],\"inLanguage\":\"de\"},{\"@type\":\"Organization\",\"@id\":\"https:\\\/\\\/exprimoadria.com\\\/de\\\/#organization\",\"name\":\"Exprimo Adria - shrink wrap co.\",\"url\":\"https:\\\/\\\/exprimoadria.com\\\/de\\\/\",\"logo\":{\"@type\":\"ImageObject\",\"inLanguage\":\"de\",\"@id\":\"https:\\\/\\\/exprimoadria.com\\\/de\\\/#\\\/schema\\\/logo\\\/image\\\/\",\"url\":\"https:\\\/\\\/exprimoadria.com\\\/wp-content\\\/uploads\\\/2024\\\/10\\\/Exprimo_Adria_Logo.svg\",\"contentUrl\":\"https:\\\/\\\/exprimoadria.com\\\/wp-content\\\/uploads\\\/2024\\\/10\\\/Exprimo_Adria_Logo.svg\",\"width\":217,\"height\":217,\"caption\":\"Exprimo Adria - shrink wrap co.\"},\"image\":{\"@id\":\"https:\\\/\\\/exprimoadria.com\\\/de\\\/#\\\/schema\\\/logo\\\/image\\\/\"}}]}<\/script>\n<!-- \/ Yoast SEO plugin. -->","yoast_head_json":{"title":"Exprimo Adria - Exprimo Adria - shrink wrap co.","robots":{"index":"index","follow":"follow","max-snippet":"max-snippet:-1","max-image-preview":"max-image-preview:large","max-video-preview":"max-video-preview:-1"},"canonical":"https:\/\/exprimoadria.com\/de\/","og_locale":"de_DE","og_type":"article","og_title":"Exprimo Adria - Exprimo Adria - shrink wrap co.","og_url":"https:\/\/exprimoadria.com\/de\/","og_site_name":"Exprimo Adria - shrink wrap co.","article_modified_time":"2025-03-17T08:21:14+00:00","twitter_card":"summary_large_image","schema":{"@context":"https:\/\/schema.org","@graph":[{"@type":"WebPage","@id":"https:\/\/exprimoadria.com\/de\/","url":"https:\/\/exprimoadria.com\/de\/","name":"Exprimo Adria - Exprimo Adria - shrink wrap co.","isPartOf":{"@id":"https:\/\/exprimoadria.com\/de\/#website"},"datePublished":"2024-10-30T00:26:53+00:00","dateModified":"2025-03-17T08:21:14+00:00","breadcrumb":{"@id":"https:\/\/exprimoadria.com\/de\/#breadcrumb"},"inLanguage":"de","potentialAction":[{"@type":"ReadAction","target":["https:\/\/exprimoadria.com\/de\/"]}]},{"@type":"BreadcrumbList","@id":"https:\/\/exprimoadria.com\/de\/#breadcrumb","itemListElement":[{"@type":"ListItem","position":1,"name":"Po\u010detna stranica","item":"https:\/\/exprimoadria.com\/de\/"},{"@type":"ListItem","position":2,"name":"Exprimo Adria"}]},{"@type":"WebSite","@id":"https:\/\/exprimoadria.com\/de\/#website","url":"https:\/\/exprimoadria.com\/de\/","name":"Exprimo Adria - shrink wrap co.","description":"","publisher":{"@id":"https:\/\/exprimoadria.com\/de\/#organization"},"potentialAction":[{"@type":"SearchAction","target":{"@type":"EntryPoint","urlTemplate":"https:\/\/exprimoadria.com\/de\/?s={search_term_string}"},"query-input":{"@type":"PropertyValueSpecification","valueRequired":true,"valueName":"search_term_string"}}],"inLanguage":"de"},{"@type":"Organization","@id":"https:\/\/exprimoadria.com\/de\/#organization","name":"Exprimo Adria - shrink wrap co.","url":"https:\/\/exprimoadria.com\/de\/","logo":{"@type":"ImageObject","inLanguage":"de","@id":"https:\/\/exprimoadria.com\/de\/#\/schema\/logo\/image\/","url":"https:\/\/exprimoadria.com\/wp-content\/uploads\/2024\/10\/Exprimo_Adria_Logo.svg","contentUrl":"https:\/\/exprimoadria.com\/wp-content\/uploads\/2024\/10\/Exprimo_Adria_Logo.svg","width":217,"height":217,"caption":"Exprimo Adria - shrink wrap co."},"image":{"@id":"https:\/\/exprimoadria.com\/de\/#\/schema\/logo\/image\/"}}]}},"_links":{"self":[{"href":"https:\/\/exprimoadria.com\/de\/wp-json\/wp\/v2\/pages\/1068","targetHints":{"allow":["GET"]}}],"collection":[{"href":"https:\/\/exprimoadria.com\/de\/wp-json\/wp\/v2\/pages"}],"about":[{"href":"https:\/\/exprimoadria.com\/de\/wp-json\/wp\/v2\/types\/page"}],"author":[{"embeddable":true,"href":"https:\/\/exprimoadria.com\/de\/wp-json\/wp\/v2\/users\/1"}],"replies":[{"embeddable":true,"href":"https:\/\/exprimoadria.com\/de\/wp-json\/wp\/v2\/comments?post=1068"}],"version-history":[{"count":11,"href":"https:\/\/exprimoadria.com\/de\/wp-json\/wp\/v2\/pages\/1068\/revisions"}],"predecessor-version":[{"id":1432,"href":"https:\/\/exprimoadria.com\/de\/wp-json\/wp\/v2\/pages\/1068\/revisions\/1432"}],"wp:attachment":[{"href":"https:\/\/exprimoadria.com\/de\/wp-json\/wp\/v2\/media?parent=1068"}],"curies":[{"name":"wp","href":"https:\/\/api.w.org\/{rel}","templated":true}]}}