{"id":1072,"date":"2024-10-30T01:27:39","date_gmt":"2024-10-30T00:27:39","guid":{"rendered":"https:\/\/exprimoadria.com\/kontakt\/"},"modified":"2025-06-17T09:45:33","modified_gmt":"2025-06-17T07:45:33","slug":"kontakt","status":"publish","type":"page","link":"https:\/\/exprimoadria.com\/de\/kontakt\/","title":{"rendered":"Kontakt"},"content":{"rendered":"\t\t\n    <section class=\"section-page-intro white\">\n        <picture>\n            <source srcset=\"https:\/\/exprimoadria.com\/wp-content\/uploads\/2024\/12\/Exprimo-Adria-web-KONTAKT.jpg\" media=\"(min-width: 1024px)\">\n            <img loading=\"lazy\" decoding=\"async\" src=\"https:\/\/exprimoadria.com\/wp-content\/uploads\/2024\/12\/Exprimo-Adria-web-KONTAKT.jpg\" alt=\"\" width=\"1920\"\n                 height=\"1080\">\n        <\/picture>\n        <div class=\"section-page-intro-wrapper container\">\n            <h1 class=\"scroll-effect se-bottom\">Kontakt<\/h1>\n        <\/div>\n    <\/section>\n\n\n    <section class=\"section-solutions-grid\">\n        <div class=\"section-solutions-grid-wrapper container\">\n\t\t\t                <div class=\"section-solutions-grid-item\">\n                    <div class=\"item-info scroll-effect se-left\">\n\t                                            <h2>Sichern Sie sich Premium Shrink-Wrap f\u00fcr Ihre Projekte<\/h2>\n\t\t\t\t\t\t<p>Suchen Sie nach einem zuverl\u00e4ssigen Partner, der jedes Detail des Shrink-Wrap-Schutzes versteht? Exprimo Adria ist hier, um ma\u00dfgeschneiderte L\u00f6sungen anzubieten, die Ihren Bed\u00fcrfnissen entsprechen \u2013 sei es zum Schutz von Booten, Bauprojekten oder Industrieanlagen. Mit Erfahrung, einem professionellen Team und hochmodernen Materialien von Dr. Shrink Inc. bieten wir zuverl\u00e4ssigen Schutz, der lange h\u00e4lt und die Lebensdauer Ihrer Verm\u00f6genswerte sichert.<\/p>\n<p>Unsere Experten stehen bereit, um alle Ihre Fragen zu beantworten, Ihnen Rat zu geben und Ihnen den besten Service in k\u00fcrzester Zeit zu liefern. \u00dcberlassen Sie uns Ihre Projekte und seien Sie sicher, dass Ihre Ausr\u00fcstung, Maschinen und Strukturen in besten H\u00e4nden sind.<\/p>\n<p>Fordern Sie ein Angebot an<\/p>\n\n\t\t\t\t\t\t\n\t\t\t\t\t\t                    <\/div>\n\t\t\t\t\t                        <div class=\"item-image scroll-effect se-right\">\n                            <img loading=\"lazy\" decoding=\"async\" src=\"https:\/\/exprimoadria.com\/wp-content\/uploads\/2024\/12\/Exprimo-Adria-web-KONTAKT2-1024x576.jpg\" alt=\"\" width=\"1920\"\n                                 height=\"1080\">\n                        <\/div>\n\t\t\t\t\t                <\/div>\n\t\t\t        <\/div>\n    <\/section>\n\n\n    <section class=\"block-cf7-custom dark\">\n        <div class=\"block-cf7-custom-wrapper container\">\n            <h2 class=\"block-cf7-custom-title\">Anfrage f\u00fcr ein Angebot<\/h2>\n            <div class=\"block-cf7-custom-description\">Kontaktieren Sie uns \u2013 gemeinsam schaffen wir Gro\u00dfes<\/div>\n            <div class=\"form-container\">\n\t\t\t\t\n<div class=\"wpcf7 no-js\" id=\"wpcf7-f1433-o1\" lang=\"de-DE\" dir=\"ltr\" data-wpcf7-id=\"1433\">\n<div class=\"screen-reader-response\"><p role=\"status\" aria-live=\"polite\" aria-atomic=\"true\"><\/p> <ul><\/ul><\/div>\n<form action=\"\/de\/wp-json\/wp\/v2\/pages\/1072#wpcf7-f1433-o1\" method=\"post\" class=\"wpcf7-form init\" aria-label=\"Kontaktformular\" novalidate=\"novalidate\" data-status=\"init\">\n<fieldset class=\"hidden-fields-container\"><input type=\"hidden\" name=\"_wpcf7\" value=\"1433\" \/><input type=\"hidden\" name=\"_wpcf7_version\" value=\"6.1.5\" \/><input type=\"hidden\" name=\"_wpcf7_locale\" value=\"de_DE\" \/><input type=\"hidden\" name=\"_wpcf7_unit_tag\" value=\"wpcf7-f1433-o1\" \/><input type=\"hidden\" name=\"_wpcf7_container_post\" value=\"0\" \/><input type=\"hidden\" name=\"_wpcf7_posted_data_hash\" value=\"\" \/><input type=\"hidden\" name=\"_wpcf7_recaptcha_response\" value=\"\" \/>\n<\/fieldset>\n<div class=\"form-fields\">\n<div class=\"form-fields\">\n\n<div class=\"form-field wide\"><label>Vor- und Nachname <span class=\"wpcf7-form-control-wrap\" data-name=\"your-name\"><input size=\"40\" maxlength=\"400\" class=\"wpcf7-form-control wpcf7-text wpcf7-validates-as-required\" autocomplete=\"name\" aria-required=\"true\" aria-invalid=\"false\" value=\"\" type=\"text\" name=\"your-name\" \/><\/span> <\/label><\/div>\n\n<div class=\"form-field wide\"><label>E-Mail <span class=\"wpcf7-form-control-wrap\" data-name=\"your-email\"><input size=\"40\" maxlength=\"400\" class=\"wpcf7-form-control wpcf7-email wpcf7-validates-as-required wpcf7-text wpcf7-validates-as-email\" autocomplete=\"email\" aria-required=\"true\" aria-invalid=\"false\" value=\"\" type=\"email\" name=\"your-email\" \/><\/span> <\/label><\/div>\n\n<div class=\"form-field wide\"><label>Telefon <span class=\"wpcf7-form-control-wrap\" data-name=\"your-phone\"><input size=\"40\" maxlength=\"400\" class=\"wpcf7-form-control wpcf7-text\" aria-invalid=\"false\" value=\"\" type=\"text\" name=\"your-phone\" \/><\/span><\/label><\/div>\n\n<\/div>\n\n<div class=\"form-fields\">\n\n<div class=\"form-field wide\"><label>Ihre Anfrage: <span class=\"wpcf7-form-control-wrap\" data-name=\"your-message\"><textarea cols=\"10\" rows=\"7\" maxlength=\"2000\" class=\"wpcf7-form-control wpcf7-textarea\" aria-invalid=\"false\" name=\"your-message\"><\/textarea><\/span> <\/label><\/div>\n\n<div class=\"form-field wide\"><input class=\"wpcf7-form-control wpcf7-submit has-spinner\" type=\"submit\" value=\"Senden\" \/><\/div>\n\n<\/div>\n\n<\/div><div class=\"wpcf7-response-output\" aria-hidden=\"true\"><\/div>\n<\/form>\n<\/div>\n            <\/div>\n        <\/div>\n    <\/section>\n\n\n    <section class=\"section-text-columns\">\n        <div class=\"section-text-columns-wrapper container\">\n            <h2 class=\"scroll-effect\">EXPRIMO ADRIA GmbH <small>f\u00fcr Handel, Dienstleistungen und Vertretung<\/small><\/h2>\n            <div class=\"section-text-columns-grid\">\n                <div class=\"section-text-columns-box scroll-effect se-left\">\n\t\t\t\t\t<p><strong>Sitz:<\/strong> Vince 15, 10000 Zagreb, Kroatien<\/p>\n<p><strong>B\u00fcro:<\/strong> Kaptol 15, 10000 Zagreb, Kroatien<\/p>\n<p><strong>E-Mail:<\/strong> <a target=\"_blank\" href=\"mailto:info@exprimoadria.com\">info@exprimoadria.com<\/a><\/p>\n<p><strong>Tel:<\/strong> <a href=\"tel:+38514851536\" rel=\"noopener\" target=\"_blank\">+385 1 485 1536<\/a><\/p>\n<p><strong>Gr\u00fcnder \/ Gesellschafter:<\/strong> Ana Blanquart<\/p>\n<p><strong>Vertretungsberechtigte Personen:<\/strong> Ana Blanquart, David Blanquart<\/p>\n                <\/div>\n                <div class=\"section-text-columns-box scroll-effect se-right\">\n\t\t\t\t\t<p><strong>OIB (pers\u00f6nliche Identifikationsnummer):<\/strong> 85897446648<\/p>\n<p><strong>MB (Firmenkennzahl):<\/strong> 02037688<\/p>\n<p>Das Unternehmen ist im Handelsregister des Handelsgerichts in Zagreb unter der Registrierungsnummer <strong>080550742<\/strong> eingetragen.<\/p>\n<p><strong>Stammkapital:<\/strong> 20.000,00 HRK, vollst\u00e4ndig eingezahlt.<\/p>\n<p><strong>Kontonummer (IBAN):<\/strong> HR6124080021100023850, Partner banka d.d.<\/p>\n                <\/div>\n            <\/div>\n        <\/div>\n    <\/section>\n","protected":false},"excerpt":{"rendered":"","protected":false},"author":1,"featured_media":0,"parent":0,"menu_order":0,"comment_status":"closed","ping_status":"closed","template":"templates\/page-wide.php","meta":{"_acf_changed":false,"inline_featured_image":false,"footnotes":""},"class_list":["post-1072","page","type-page","status-publish","hentry"],"acf":[],"yoast_head":"<!-- This site is optimized with the Yoast SEO plugin v27.5 - https:\/\/yoast.com\/product\/yoast-seo-wordpress\/ -->\n<title>Kontakt - Exprimo Adria - shrink wrap co.<\/title>\n<meta name=\"robots\" content=\"index, follow, max-snippet:-1, max-image-preview:large, max-video-preview:-1\" \/>\n<link rel=\"canonical\" href=\"https:\/\/exprimoadria.com\/de\/kontakt\/\" \/>\n<meta property=\"og:locale\" content=\"de_DE\" \/>\n<meta property=\"og:type\" content=\"article\" \/>\n<meta property=\"og:title\" content=\"Kontakt - Exprimo Adria - shrink wrap co.\" \/>\n<meta property=\"og:url\" content=\"https:\/\/exprimoadria.com\/de\/kontakt\/\" \/>\n<meta property=\"og:site_name\" content=\"Exprimo Adria - shrink wrap co.\" \/>\n<meta property=\"article:modified_time\" content=\"2025-06-17T07:45:33+00:00\" \/>\n<meta name=\"twitter:card\" content=\"summary_large_image\" \/>\n<script type=\"application\/ld+json\" class=\"yoast-schema-graph\">{\"@context\":\"https:\\\/\\\/schema.org\",\"@graph\":[{\"@type\":\"WebPage\",\"@id\":\"https:\\\/\\\/exprimoadria.com\\\/de\\\/kontakt\\\/\",\"url\":\"https:\\\/\\\/exprimoadria.com\\\/de\\\/kontakt\\\/\",\"name\":\"Kontakt - Exprimo Adria - shrink wrap co.\",\"isPartOf\":{\"@id\":\"https:\\\/\\\/exprimoadria.com\\\/de\\\/#website\"},\"datePublished\":\"2024-10-30T00:27:39+00:00\",\"dateModified\":\"2025-06-17T07:45:33+00:00\",\"breadcrumb\":{\"@id\":\"https:\\\/\\\/exprimoadria.com\\\/de\\\/kontakt\\\/#breadcrumb\"},\"inLanguage\":\"de\",\"potentialAction\":[{\"@type\":\"ReadAction\",\"target\":[\"https:\\\/\\\/exprimoadria.com\\\/de\\\/kontakt\\\/\"]}]},{\"@type\":\"BreadcrumbList\",\"@id\":\"https:\\\/\\\/exprimoadria.com\\\/de\\\/kontakt\\\/#breadcrumb\",\"itemListElement\":[{\"@type\":\"ListItem\",\"position\":1,\"name\":\"Po\u010detna stranica\",\"item\":\"https:\\\/\\\/exprimoadria.com\\\/de\\\/\"},{\"@type\":\"ListItem\",\"position\":2,\"name\":\"Kontakt\"}]},{\"@type\":\"WebSite\",\"@id\":\"https:\\\/\\\/exprimoadria.com\\\/de\\\/#website\",\"url\":\"https:\\\/\\\/exprimoadria.com\\\/de\\\/\",\"name\":\"Exprimo Adria - shrink wrap co.\",\"description\":\"\",\"publisher\":{\"@id\":\"https:\\\/\\\/exprimoadria.com\\\/de\\\/#organization\"},\"potentialAction\":[{\"@type\":\"SearchAction\",\"target\":{\"@type\":\"EntryPoint\",\"urlTemplate\":\"https:\\\/\\\/exprimoadria.com\\\/de\\\/?s={search_term_string}\"},\"query-input\":{\"@type\":\"PropertyValueSpecification\",\"valueRequired\":true,\"valueName\":\"search_term_string\"}}],\"inLanguage\":\"de\"},{\"@type\":\"Organization\",\"@id\":\"https:\\\/\\\/exprimoadria.com\\\/de\\\/#organization\",\"name\":\"Exprimo Adria - shrink wrap co.\",\"url\":\"https:\\\/\\\/exprimoadria.com\\\/de\\\/\",\"logo\":{\"@type\":\"ImageObject\",\"inLanguage\":\"de\",\"@id\":\"https:\\\/\\\/exprimoadria.com\\\/de\\\/#\\\/schema\\\/logo\\\/image\\\/\",\"url\":\"https:\\\/\\\/exprimoadria.com\\\/wp-content\\\/uploads\\\/2024\\\/10\\\/Exprimo_Adria_Logo.svg\",\"contentUrl\":\"https:\\\/\\\/exprimoadria.com\\\/wp-content\\\/uploads\\\/2024\\\/10\\\/Exprimo_Adria_Logo.svg\",\"width\":217,\"height\":217,\"caption\":\"Exprimo Adria - shrink wrap co.\"},\"image\":{\"@id\":\"https:\\\/\\\/exprimoadria.com\\\/de\\\/#\\\/schema\\\/logo\\\/image\\\/\"}}]}<\/script>\n<!-- \/ Yoast SEO plugin. -->","yoast_head_json":{"title":"Kontakt - Exprimo Adria - shrink wrap co.","robots":{"index":"index","follow":"follow","max-snippet":"max-snippet:-1","max-image-preview":"max-image-preview:large","max-video-preview":"max-video-preview:-1"},"canonical":"https:\/\/exprimoadria.com\/de\/kontakt\/","og_locale":"de_DE","og_type":"article","og_title":"Kontakt - Exprimo Adria - shrink wrap co.","og_url":"https:\/\/exprimoadria.com\/de\/kontakt\/","og_site_name":"Exprimo Adria - shrink wrap co.","article_modified_time":"2025-06-17T07:45:33+00:00","twitter_card":"summary_large_image","schema":{"@context":"https:\/\/schema.org","@graph":[{"@type":"WebPage","@id":"https:\/\/exprimoadria.com\/de\/kontakt\/","url":"https:\/\/exprimoadria.com\/de\/kontakt\/","name":"Kontakt - Exprimo Adria - shrink wrap co.","isPartOf":{"@id":"https:\/\/exprimoadria.com\/de\/#website"},"datePublished":"2024-10-30T00:27:39+00:00","dateModified":"2025-06-17T07:45:33+00:00","breadcrumb":{"@id":"https:\/\/exprimoadria.com\/de\/kontakt\/#breadcrumb"},"inLanguage":"de","potentialAction":[{"@type":"ReadAction","target":["https:\/\/exprimoadria.com\/de\/kontakt\/"]}]},{"@type":"BreadcrumbList","@id":"https:\/\/exprimoadria.com\/de\/kontakt\/#breadcrumb","itemListElement":[{"@type":"ListItem","position":1,"name":"Po\u010detna stranica","item":"https:\/\/exprimoadria.com\/de\/"},{"@type":"ListItem","position":2,"name":"Kontakt"}]},{"@type":"WebSite","@id":"https:\/\/exprimoadria.com\/de\/#website","url":"https:\/\/exprimoadria.com\/de\/","name":"Exprimo Adria - shrink wrap co.","description":"","publisher":{"@id":"https:\/\/exprimoadria.com\/de\/#organization"},"potentialAction":[{"@type":"SearchAction","target":{"@type":"EntryPoint","urlTemplate":"https:\/\/exprimoadria.com\/de\/?s={search_term_string}"},"query-input":{"@type":"PropertyValueSpecification","valueRequired":true,"valueName":"search_term_string"}}],"inLanguage":"de"},{"@type":"Organization","@id":"https:\/\/exprimoadria.com\/de\/#organization","name":"Exprimo Adria - shrink wrap co.","url":"https:\/\/exprimoadria.com\/de\/","logo":{"@type":"ImageObject","inLanguage":"de","@id":"https:\/\/exprimoadria.com\/de\/#\/schema\/logo\/image\/","url":"https:\/\/exprimoadria.com\/wp-content\/uploads\/2024\/10\/Exprimo_Adria_Logo.svg","contentUrl":"https:\/\/exprimoadria.com\/wp-content\/uploads\/2024\/10\/Exprimo_Adria_Logo.svg","width":217,"height":217,"caption":"Exprimo Adria - shrink wrap co."},"image":{"@id":"https:\/\/exprimoadria.com\/de\/#\/schema\/logo\/image\/"}}]}},"_links":{"self":[{"href":"https:\/\/exprimoadria.com\/de\/wp-json\/wp\/v2\/pages\/1072","targetHints":{"allow":["GET"]}}],"collection":[{"href":"https:\/\/exprimoadria.com\/de\/wp-json\/wp\/v2\/pages"}],"about":[{"href":"https:\/\/exprimoadria.com\/de\/wp-json\/wp\/v2\/types\/page"}],"author":[{"embeddable":true,"href":"https:\/\/exprimoadria.com\/de\/wp-json\/wp\/v2\/users\/1"}],"replies":[{"embeddable":true,"href":"https:\/\/exprimoadria.com\/de\/wp-json\/wp\/v2\/comments?post=1072"}],"version-history":[{"count":5,"href":"https:\/\/exprimoadria.com\/de\/wp-json\/wp\/v2\/pages\/1072\/revisions"}],"predecessor-version":[{"id":1474,"href":"https:\/\/exprimoadria.com\/de\/wp-json\/wp\/v2\/pages\/1072\/revisions\/1474"}],"wp:attachment":[{"href":"https:\/\/exprimoadria.com\/de\/wp-json\/wp\/v2\/media?parent=1072"}],"curies":[{"name":"wp","href":"https:\/\/api.w.org\/{rel}","templated":true}]}}