{"id":1093,"date":"2025-02-24T09:18:03","date_gmt":"2025-02-24T08:18:03","guid":{"rendered":"https:\/\/exprimoadria.com\/postaja-za-omatanje\/"},"modified":"2025-03-13T13:54:59","modified_gmt":"2025-03-13T12:54:59","slug":"postaja-za-omatanje","status":"publish","type":"page","link":"https:\/\/exprimoadria.com\/de\/postaja-za-omatanje\/","title":{"rendered":"Umwickelstation:"},"content":{"rendered":"\t\t\n    <section class=\"section-page-intro white\">\n        <picture>\n            <source srcset=\"https:\/\/exprimoadria.com\/wp-content\/uploads\/2024\/10\/Plovilo-spremno-za-transport-zasticeno-bijelom-termoskupljajucom-folijom-u-suhom-vezu-1.jpg\" media=\"(min-width: 1024px)\">\n            <img loading=\"lazy\" decoding=\"async\" src=\"https:\/\/exprimoadria.com\/wp-content\/uploads\/2024\/10\/Plovilo-spremno-za-transport-zasticeno-bijelom-termoskupljajucom-folijom-u-suhom-vezu-1.jpg\" alt=\"\" width=\"1069\"\n                 height=\"817\">\n        <\/picture>\n        <div class=\"section-page-intro-wrapper container\">\n            <h1 class=\"scroll-effect se-bottom\">Umwickelstation:<\/h1>\n        <\/div>\n    <\/section>\n\n\n    <section class=\"section-solutions-grid\">\n        <div class=\"section-solutions-grid-wrapper container\">\n\t\t\t                <div class=\"section-solutions-grid-item\">\n                    <div class=\"item-info scroll-effect se-left\">\n\t                                            <h2>Sch\u00fctzen Sie Ihr Eigentum mit professionellen Shrink Wrap Dienstleistungen!<\/h2>\n\t\t\t\t\t\t<p>Suchen Sie nach der besten M\u00f6glichkeit, Ihr Schiff, M\u00f6bel oder Ausr\u00fcstung vor extremen Wetterbedingungen, Schmutz und UV-Sch\u00e4den zu sch\u00fctzen? Unsere Shrink Wrap Umwickelstation bietet eine sichere, effiziente und qualitativ hochwertige L\u00f6sung, um Ihr Eigentum w\u00e4hrend der saisonalen Lagerung oder des Transports in Top-Zustand zu halten.<\/p>\n\n\t\t\t\t\t\t\n\t\t\t\t\t\t                    <\/div>\n\t\t\t\t\t                        <div class=\"item-image scroll-effect se-right\">\n                            <img loading=\"lazy\" decoding=\"async\" src=\"https:\/\/exprimoadria.com\/wp-content\/uploads\/2024\/12\/IMG-20241020-WA0063-1024x768.jpg\" alt=\"\" width=\"2000\"\n                                 height=\"1500\">\n                        <\/div>\n\t\t\t\t\t                <\/div>\n\t\t\t        <\/div>\n    <\/section>\n\n\n    <section class=\"section-text-columns\">\n        <div class=\"section-text-columns-wrapper container\">\n            <h2 class=\"scroll-effect\">Schl\u00fcsselfunktionen unserer Shrink Wrap Umwickelstation:<\/h2>\n            <div class=\"section-text-columns-grid\">\n                <div class=\"section-text-columns-box scroll-effect se-left\">\n\t\t\t\t\t<ol>\n<li><strong>Ma\u00dfgeschneiderter Schutz:<\/strong><br \/>\nUnsere Station stellt sicher, dass Ihr Schiff von Bug bis Heck vollst\u00e4ndig abgedeckt ist, mit Thermoschrumpffolie, die perfekt an seine Dimensionen angepasst ist und einen vollst\u00e4ndigen Schutz ohne L\u00fccken bietet.<\/li>\n<li><strong> Langlebige und wetterbest\u00e4ndige Materialien:<\/strong><br \/>\nWir verwenden hochwertiges Shrink Wrap, das selbst den anspruchsvollsten Witterungsbedingungen standh\u00e4lt, einschlie\u00dflich Schnee, Regen, starkem Wind und Sonneneinstrahlung. Ihr Schiff oder Ihre Ausr\u00fcstung wird vollst\u00e4ndig vor UV-Strahlen, Schmutz und anderen \u00e4u\u00dferen Einfl\u00fcssen gesch\u00fctzt.<\/li>\n<li><strong>Effizienter Umwicklungsprozess:\/strong><br \/>\nEine schnelle und professionelle Anwendung der Folie unter Verwendung modernster Ausr\u00fcstung sorgt f\u00fcr perfekten und sicheren Halt. Wir wickeln Schiffe jeder Gr\u00f6\u00dfe \u2013 von kleinen Segelbooten bis hin zu gro\u00dfen Yachten.<\/li>\n<\/ol>\n                <\/div>\n                <div class=\"section-text-columns-box scroll-effect se-right\">\n\t\t\t\t\t<ol start=\"4\">\n<li><strong>Sichere und feste Versiegelung:<\/strong><br \/>\nUnsere fortschrittliche Versiegelungstechnologie sorgt f\u00fcr starke Verbindungen an allen Teilen des Schiffs, um das Eindringen von Feuchtigkeit und Schmutz in die Schutzh\u00fclle zu verhindern.\n<\/li>\n<li><strong>Saisonaler Schutz: <\/strong><br \/>\nDie ideale L\u00f6sung f\u00fcr die Winterlagerung oder den Transport. Sch\u00fctzen Sie Ihr Schiff w\u00e4hrend der saisonalen Lagerung und stellen Sie sicher, dass es sicher vor Schnee, Eis und Schmutz bleibt.<\/p>\n<\/li>\n<li><strong>Bereit f\u00fcr den Transport:<\/strong><br \/>Shrink Wrap bietet zus\u00e4tzlichen Schutz w\u00e4hrend langer Reisen und verhindert Kratzer, Besch\u00e4digungen und Kontamination.\n<\/li>\n<li><strong>Umweltfreundlich:<\/strong><br \/>Wir verwenden umweltfreundliche Materialien f\u00fcr das Shrink Wrapping, die zu 100 % recycelbar sind, sodass Sie Ihren \u00f6kologischen Fu\u00dfabdruck verringern und gleichzeitig Ihr Schiff in bestem Zustand erhalten.\n<\/li>\n<\/ol>\n                <\/div>\n            <\/div>\n        <\/div>\n    <\/section>\n\n\n    <section class=\"section-solutions-grid\">\n        <div class=\"section-solutions-grid-wrapper container\">\n\t\t\t                <div class=\"section-solutions-grid-item\">\n                    <div class=\"item-info scroll-effect se-left\">\n\t                                            <h2>Praktische Vorteile:<\/h2>\n\t\t\t\t\t\t<p>Wir bieten einen schnellen und sorgenfreien Service und stellen sicher, dass Ihr Schiff bereit f\u00fcr die Lagerung oder den Transport ist, ohne zus\u00e4tzliche Sorgen.<\/p>\n\n\t\t\t\t\t\t\n\t\t\t\t\t\t                    <\/div>\n\t\t\t\t\t                        <div class=\"item-image scroll-effect se-right\">\n                            <img loading=\"lazy\" decoding=\"async\" src=\"https:\/\/exprimoadria.com\/wp-content\/uploads\/2024\/12\/IMG-20241020-WA0063-1024x768.jpg\" alt=\"\" width=\"2000\"\n                                 height=\"1500\">\n                        <\/div>\n\t\t\t\t\t                <\/div>\n\t\t\t                <div class=\"section-solutions-grid-item\">\n                    <div class=\"item-info scroll-effect se-left\">\n\t                                            <h2>Erfahrene Techniker<\/h2>\n\t\t\t\t\t\t<p>Unser Team ist professionell geschult, um Shrink Wrapping anzuwenden und sorgt daf\u00fcr, dass jede Umh\u00fcllung pr\u00e4zise und sorgf\u00e4ltig aufgebracht wird.<\/p>\n\n\t\t\t\t\t\t\n\t\t\t\t\t\t                    <\/div>\n\t\t\t\t\t                        <div class=\"item-image scroll-effect se-right\">\n                            <img loading=\"lazy\" decoding=\"async\" src=\"https:\/\/exprimoadria.com\/wp-content\/uploads\/2025\/02\/IMG-20241106-WA0003-1024x1024.jpg\" alt=\"\" width=\"2048\"\n                                 height=\"2048\">\n                        <\/div>\n\t\t\t\t\t                <\/div>\n\t\t\t                <div class=\"section-solutions-grid-item\">\n                    <div class=\"item-info scroll-effect se-left\">\n\t                                            <h2>Erschwingliche Preise<\/h2>\n\t\t\t\t\t\t<p>Wir bieten wettbewerbsf\u00e4hige Preise f\u00fcr qualitativ hochwertiges Shrink Wrapping und machen es zu einer erschwinglichen L\u00f6sung f\u00fcr jeden Schiffseigner.<\/p>\n\n\t\t\t\t\t\t\n\t\t\t\t\t\t                    <\/div>\n\t\t\t\t\t                        <div class=\"item-image scroll-effect se-right\">\n                            <img loading=\"lazy\" decoding=\"async\" src=\"https:\/\/exprimoadria.com\/wp-content\/uploads\/2025\/02\/IMG-20241020-WA0084-1024x577.jpg\" alt=\"\" width=\"2048\"\n                                 height=\"1153\">\n                        <\/div>\n\t\t\t\t\t                <\/div>\n\t\t\t                <div class=\"section-solutions-grid-item\">\n                    <div class=\"item-info scroll-effect se-left\">\n\t                                            <h2>Ideal f\u00fcr:<\/h2>\n\t\t\t\t\t\t<p>\u2744 <strong>Winterlagerung<\/strong> \u2013 Sch\u00fctzen Sie Ihr Schiff vor Schnee, Eis und niedrigen Temperaturen.<br \/>\n\ud83d\udea2 <strong>Transport<\/strong> \u2013 Sorgen Sie f\u00fcr vollst\u00e4ndigen Schutz w\u00e4hrend des langfristigen Transports.<br \/>\n\ud83c\udf26 <strong>Lagerung im Freien<\/strong> \u2013 Verhindern Sie Sch\u00e4den durch Sonne, Regen und Wind.<\/p>\n\n\t\t\t\t\t\t\n\t\t\t\t\t\t                    <\/div>\n\t\t\t\t\t                        <div class=\"item-image scroll-effect se-right\">\n                            <img loading=\"lazy\" decoding=\"async\" src=\"https:\/\/exprimoadria.com\/wp-content\/uploads\/2024\/11\/IMG-20230614-WA0013.jpg\" alt=\"\" width=\"1024\"\n                                 height=\"768\">\n                        <\/div>\n\t\t\t\t\t                <\/div>\n\t\t\t        <\/div>\n    <\/section>\n\n\n\n<h2 class=\"wp-block-heading\"><\/h2>\n\n\n    <section class=\"block-cf7-custom dark\">\n        <div class=\"block-cf7-custom-wrapper container\">\n            <h2 class=\"block-cf7-custom-title\">Sch\u00fctzen Sie Ihre industrielle Ausr\u00fcstung mit unseren Shrink Wrap L\u00f6sungen<\/h2>\n            <div class=\"block-cf7-custom-description\">\ud83d\udcdeKontaktieren Sie uns noch heute und buchen Sie Ihre Shrink Wrap Umwickelservice!\r\n<br>Sichern Sie den besten Schutz f\u00fcr Ihr Schiff und \u00fcberlassen Sie uns das Umwickeln. Rufen Sie uns an oder besuchen Sie uns, um mehr dar\u00fcber zu erfahren, wie wir Ihnen helfen k\u00f6nnen, Ihre Investition mit unserem professionellen Shrink Wrap Service zu erhalten. (Lassen Sie Platz f\u00fcr Kontakt und E-Mail-Adresse)<\/div>\n            <div class=\"form-container\">\n\t\t\t\t\n<div class=\"wpcf7 no-js\" id=\"wpcf7-f1433-o1\" lang=\"de-DE\" dir=\"ltr\" data-wpcf7-id=\"1433\">\n<div class=\"screen-reader-response\"><p role=\"status\" aria-live=\"polite\" aria-atomic=\"true\"><\/p> <ul><\/ul><\/div>\n<form action=\"\/de\/wp-json\/wp\/v2\/pages\/1093#wpcf7-f1433-o1\" method=\"post\" class=\"wpcf7-form init\" aria-label=\"Kontaktformular\" novalidate=\"novalidate\" data-status=\"init\">\n<fieldset class=\"hidden-fields-container\"><input type=\"hidden\" name=\"_wpcf7\" value=\"1433\" \/><input type=\"hidden\" name=\"_wpcf7_version\" value=\"6.1.5\" \/><input type=\"hidden\" name=\"_wpcf7_locale\" value=\"de_DE\" \/><input type=\"hidden\" name=\"_wpcf7_unit_tag\" value=\"wpcf7-f1433-o1\" \/><input type=\"hidden\" name=\"_wpcf7_container_post\" value=\"0\" \/><input type=\"hidden\" name=\"_wpcf7_posted_data_hash\" value=\"\" \/><input type=\"hidden\" name=\"_wpcf7_recaptcha_response\" value=\"\" \/>\n<\/fieldset>\n<div class=\"form-fields\">\n<div class=\"form-fields\">\n\n<div class=\"form-field wide\"><label>Vor- und Nachname <span class=\"wpcf7-form-control-wrap\" data-name=\"your-name\"><input size=\"40\" maxlength=\"400\" class=\"wpcf7-form-control wpcf7-text wpcf7-validates-as-required\" autocomplete=\"name\" aria-required=\"true\" aria-invalid=\"false\" value=\"\" type=\"text\" name=\"your-name\" \/><\/span> <\/label><\/div>\n\n<div class=\"form-field wide\"><label>E-Mail <span class=\"wpcf7-form-control-wrap\" data-name=\"your-email\"><input size=\"40\" maxlength=\"400\" class=\"wpcf7-form-control wpcf7-email wpcf7-validates-as-required wpcf7-text wpcf7-validates-as-email\" autocomplete=\"email\" aria-required=\"true\" aria-invalid=\"false\" value=\"\" type=\"email\" name=\"your-email\" \/><\/span> <\/label><\/div>\n\n<div class=\"form-field wide\"><label>Telefon <span class=\"wpcf7-form-control-wrap\" data-name=\"your-phone\"><input size=\"40\" maxlength=\"400\" class=\"wpcf7-form-control wpcf7-text\" aria-invalid=\"false\" value=\"\" type=\"text\" name=\"your-phone\" \/><\/span><\/label><\/div>\n\n<\/div>\n\n<div class=\"form-fields\">\n\n<div class=\"form-field wide\"><label>Ihre Anfrage: <span class=\"wpcf7-form-control-wrap\" data-name=\"your-message\"><textarea cols=\"10\" rows=\"7\" maxlength=\"2000\" class=\"wpcf7-form-control wpcf7-textarea\" aria-invalid=\"false\" name=\"your-message\"><\/textarea><\/span> <\/label><\/div>\n\n<div class=\"form-field wide\"><input class=\"wpcf7-form-control wpcf7-submit has-spinner\" type=\"submit\" value=\"Senden\" \/><\/div>\n\n<\/div>\n\n<\/div><div class=\"wpcf7-response-output\" aria-hidden=\"true\"><\/div>\n<\/form>\n<\/div>\n            <\/div>\n        <\/div>\n    <\/section>\n","protected":false},"excerpt":{"rendered":"","protected":false},"author":1,"featured_media":0,"parent":0,"menu_order":0,"comment_status":"closed","ping_status":"closed","template":"templates\/page-wide.php","meta":{"_acf_changed":false,"inline_featured_image":false,"footnotes":""},"class_list":["post-1093","page","type-page","status-publish","hentry"],"acf":[],"yoast_head":"<!-- This site is optimized with the Yoast SEO plugin v27.5 - https:\/\/yoast.com\/product\/yoast-seo-wordpress\/ -->\n<title>Umwickelstation: - Exprimo Adria - shrink wrap co.<\/title>\n<meta name=\"robots\" content=\"index, follow, max-snippet:-1, max-image-preview:large, max-video-preview:-1\" \/>\n<link rel=\"canonical\" href=\"https:\/\/exprimoadria.com\/de\/postaja-za-omatanje\/\" \/>\n<meta property=\"og:locale\" content=\"de_DE\" \/>\n<meta property=\"og:type\" content=\"article\" \/>\n<meta property=\"og:title\" content=\"Umwickelstation: - Exprimo Adria - shrink wrap co.\" \/>\n<meta property=\"og:url\" content=\"https:\/\/exprimoadria.com\/de\/postaja-za-omatanje\/\" \/>\n<meta property=\"og:site_name\" content=\"Exprimo Adria - shrink wrap co.\" \/>\n<meta property=\"article:modified_time\" content=\"2025-03-13T12:54:59+00:00\" \/>\n<meta name=\"twitter:card\" content=\"summary_large_image\" \/>\n<script type=\"application\/ld+json\" class=\"yoast-schema-graph\">{\"@context\":\"https:\\\/\\\/schema.org\",\"@graph\":[{\"@type\":\"WebPage\",\"@id\":\"https:\\\/\\\/exprimoadria.com\\\/de\\\/postaja-za-omatanje\\\/\",\"url\":\"https:\\\/\\\/exprimoadria.com\\\/de\\\/postaja-za-omatanje\\\/\",\"name\":\"Umwickelstation: - Exprimo Adria - shrink wrap co.\",\"isPartOf\":{\"@id\":\"https:\\\/\\\/exprimoadria.com\\\/de\\\/#website\"},\"datePublished\":\"2025-02-24T08:18:03+00:00\",\"dateModified\":\"2025-03-13T12:54:59+00:00\",\"breadcrumb\":{\"@id\":\"https:\\\/\\\/exprimoadria.com\\\/de\\\/postaja-za-omatanje\\\/#breadcrumb\"},\"inLanguage\":\"de\",\"potentialAction\":[{\"@type\":\"ReadAction\",\"target\":[\"https:\\\/\\\/exprimoadria.com\\\/de\\\/postaja-za-omatanje\\\/\"]}]},{\"@type\":\"BreadcrumbList\",\"@id\":\"https:\\\/\\\/exprimoadria.com\\\/de\\\/postaja-za-omatanje\\\/#breadcrumb\",\"itemListElement\":[{\"@type\":\"ListItem\",\"position\":1,\"name\":\"Po\u010detna stranica\",\"item\":\"https:\\\/\\\/exprimoadria.com\\\/de\\\/\"},{\"@type\":\"ListItem\",\"position\":2,\"name\":\"Umwickelstation:\"}]},{\"@type\":\"WebSite\",\"@id\":\"https:\\\/\\\/exprimoadria.com\\\/de\\\/#website\",\"url\":\"https:\\\/\\\/exprimoadria.com\\\/de\\\/\",\"name\":\"Exprimo Adria - shrink wrap co.\",\"description\":\"\",\"publisher\":{\"@id\":\"https:\\\/\\\/exprimoadria.com\\\/de\\\/#organization\"},\"potentialAction\":[{\"@type\":\"SearchAction\",\"target\":{\"@type\":\"EntryPoint\",\"urlTemplate\":\"https:\\\/\\\/exprimoadria.com\\\/de\\\/?s={search_term_string}\"},\"query-input\":{\"@type\":\"PropertyValueSpecification\",\"valueRequired\":true,\"valueName\":\"search_term_string\"}}],\"inLanguage\":\"de\"},{\"@type\":\"Organization\",\"@id\":\"https:\\\/\\\/exprimoadria.com\\\/de\\\/#organization\",\"name\":\"Exprimo Adria - shrink wrap co.\",\"url\":\"https:\\\/\\\/exprimoadria.com\\\/de\\\/\",\"logo\":{\"@type\":\"ImageObject\",\"inLanguage\":\"de\",\"@id\":\"https:\\\/\\\/exprimoadria.com\\\/de\\\/#\\\/schema\\\/logo\\\/image\\\/\",\"url\":\"https:\\\/\\\/exprimoadria.com\\\/wp-content\\\/uploads\\\/2024\\\/10\\\/Exprimo_Adria_Logo.svg\",\"contentUrl\":\"https:\\\/\\\/exprimoadria.com\\\/wp-content\\\/uploads\\\/2024\\\/10\\\/Exprimo_Adria_Logo.svg\",\"width\":217,\"height\":217,\"caption\":\"Exprimo Adria - shrink wrap co.\"},\"image\":{\"@id\":\"https:\\\/\\\/exprimoadria.com\\\/de\\\/#\\\/schema\\\/logo\\\/image\\\/\"}}]}<\/script>\n<!-- \/ Yoast SEO plugin. -->","yoast_head_json":{"title":"Umwickelstation: - Exprimo Adria - shrink wrap co.","robots":{"index":"index","follow":"follow","max-snippet":"max-snippet:-1","max-image-preview":"max-image-preview:large","max-video-preview":"max-video-preview:-1"},"canonical":"https:\/\/exprimoadria.com\/de\/postaja-za-omatanje\/","og_locale":"de_DE","og_type":"article","og_title":"Umwickelstation: - Exprimo Adria - shrink wrap co.","og_url":"https:\/\/exprimoadria.com\/de\/postaja-za-omatanje\/","og_site_name":"Exprimo Adria - shrink wrap co.","article_modified_time":"2025-03-13T12:54:59+00:00","twitter_card":"summary_large_image","schema":{"@context":"https:\/\/schema.org","@graph":[{"@type":"WebPage","@id":"https:\/\/exprimoadria.com\/de\/postaja-za-omatanje\/","url":"https:\/\/exprimoadria.com\/de\/postaja-za-omatanje\/","name":"Umwickelstation: - Exprimo Adria - shrink wrap co.","isPartOf":{"@id":"https:\/\/exprimoadria.com\/de\/#website"},"datePublished":"2025-02-24T08:18:03+00:00","dateModified":"2025-03-13T12:54:59+00:00","breadcrumb":{"@id":"https:\/\/exprimoadria.com\/de\/postaja-za-omatanje\/#breadcrumb"},"inLanguage":"de","potentialAction":[{"@type":"ReadAction","target":["https:\/\/exprimoadria.com\/de\/postaja-za-omatanje\/"]}]},{"@type":"BreadcrumbList","@id":"https:\/\/exprimoadria.com\/de\/postaja-za-omatanje\/#breadcrumb","itemListElement":[{"@type":"ListItem","position":1,"name":"Po\u010detna stranica","item":"https:\/\/exprimoadria.com\/de\/"},{"@type":"ListItem","position":2,"name":"Umwickelstation:"}]},{"@type":"WebSite","@id":"https:\/\/exprimoadria.com\/de\/#website","url":"https:\/\/exprimoadria.com\/de\/","name":"Exprimo Adria - shrink wrap co.","description":"","publisher":{"@id":"https:\/\/exprimoadria.com\/de\/#organization"},"potentialAction":[{"@type":"SearchAction","target":{"@type":"EntryPoint","urlTemplate":"https:\/\/exprimoadria.com\/de\/?s={search_term_string}"},"query-input":{"@type":"PropertyValueSpecification","valueRequired":true,"valueName":"search_term_string"}}],"inLanguage":"de"},{"@type":"Organization","@id":"https:\/\/exprimoadria.com\/de\/#organization","name":"Exprimo Adria - shrink wrap co.","url":"https:\/\/exprimoadria.com\/de\/","logo":{"@type":"ImageObject","inLanguage":"de","@id":"https:\/\/exprimoadria.com\/de\/#\/schema\/logo\/image\/","url":"https:\/\/exprimoadria.com\/wp-content\/uploads\/2024\/10\/Exprimo_Adria_Logo.svg","contentUrl":"https:\/\/exprimoadria.com\/wp-content\/uploads\/2024\/10\/Exprimo_Adria_Logo.svg","width":217,"height":217,"caption":"Exprimo Adria - shrink wrap co."},"image":{"@id":"https:\/\/exprimoadria.com\/de\/#\/schema\/logo\/image\/"}}]}},"_links":{"self":[{"href":"https:\/\/exprimoadria.com\/de\/wp-json\/wp\/v2\/pages\/1093","targetHints":{"allow":["GET"]}}],"collection":[{"href":"https:\/\/exprimoadria.com\/de\/wp-json\/wp\/v2\/pages"}],"about":[{"href":"https:\/\/exprimoadria.com\/de\/wp-json\/wp\/v2\/types\/page"}],"author":[{"embeddable":true,"href":"https:\/\/exprimoadria.com\/de\/wp-json\/wp\/v2\/users\/1"}],"replies":[{"embeddable":true,"href":"https:\/\/exprimoadria.com\/de\/wp-json\/wp\/v2\/comments?post=1093"}],"version-history":[{"count":2,"href":"https:\/\/exprimoadria.com\/de\/wp-json\/wp\/v2\/pages\/1093\/revisions"}],"predecessor-version":[{"id":1252,"href":"https:\/\/exprimoadria.com\/de\/wp-json\/wp\/v2\/pages\/1093\/revisions\/1252"}],"wp:attachment":[{"href":"https:\/\/exprimoadria.com\/de\/wp-json\/wp\/v2\/media?parent=1093"}],"curies":[{"name":"wp","href":"https:\/\/api.w.org\/{rel}","templated":true}]}}