{"id":1097,"date":"2024-10-30T01:27:10","date_gmt":"2024-10-30T00:27:10","guid":{"rendered":"https:\/\/exprimoadria.com\/shrink-wrap\/"},"modified":"2025-03-17T09:20:35","modified_gmt":"2025-03-17T08:20:35","slug":"shrink-wrap","status":"publish","type":"page","link":"https:\/\/exprimoadria.com\/de\/shrink-wrap\/","title":{"rendered":"Shrink Wrap"},"content":{"rendered":"\t\t\n    <section class=\"section-page-intro white\">\n        <picture>\n            <source srcset=\"https:\/\/exprimoadria.com\/wp-content\/uploads\/2024\/12\/shrink_wrap.jpg\" media=\"(min-width: 1024px)\">\n            <img loading=\"lazy\" decoding=\"async\" src=\"https:\/\/exprimoadria.com\/wp-content\/uploads\/2024\/12\/shrink_wrap.jpg\" alt=\"\" width=\"1936\"\n                 height=\"926\">\n        <\/picture>\n        <div class=\"section-page-intro-wrapper container\">\n            <h1 class=\"scroll-effect se-bottom\">Shrink Wrap<\/h1>\n        <\/div>\n    <\/section>\n\n\n    <section class=\"section-text-columns\">\n        <div class=\"section-text-columns-wrapper container\">\n            <h2 class=\"scroll-effect\">Was ist Schrumpffolie (Shrink Wrap)?<\/h2>\n            <div class=\"section-text-columns-grid\">\n                <div class=\"section-text-columns-box scroll-effect se-left\">\n\t\t\t\t\t<p>Schrumpffolie, auch als Shrink Wrap bekannt, ist eine innovative L\u00f6sung zum Schutz von Gegenst\u00e4nden aller Gr\u00f6\u00dfen w\u00e4hrend des Transports und der Lagerung. Diese spezielle Folie passt sich unter W\u00e4rmeeinwirkung der Form des Produkts an und sorgt f\u00fcr eine sichere und dichte Verpackung. Sie eignet sich ideal zum Schutz von Industriemaschinen, Bauelementen, Fahrzeugen und anderen Gegenst\u00e4nden vor \u00e4u\u00dferen Einfl\u00fcssen wie Feuchtigkeit, Staub und UV-Strahlen.<\/p>\n                <\/div>\n                <div class=\"section-text-columns-box scroll-effect se-right\">\n\t\t\t\t\t<p>Unser Angebot umfasst hochwertige Schrumpffolien sowie professionelle Installationsdienste. Sorgen Sie f\u00fcr einen langanhaltenden Schutz Ihrer Produkte mit effizienten, umweltfreundlichen und auf Ihre Bed\u00fcrfnisse zugeschnittenen L\u00f6sungen.<\/p>\n                <\/div>\n            <\/div>\n        <\/div>\n    <\/section>\n\n\n    <section class=\"section-solutions-grid\">\n        <div class=\"section-solutions-grid-wrapper container\">\n\t\t\t                <div class=\"section-solutions-grid-item\">\n                    <div class=\"item-info scroll-effect se-left\">\n\t                                            <h2>Nautik<\/h2>\n\t\t\t\t\t\t<p>Unser erstklassiger Schrumpffolien-Service f\u00fcr Wasserfahrzeuge ist darauf ausgelegt, maximalen Schutz f\u00fcr Ihre Boote und Yachten zu bieten, unabh\u00e4ngig von der Jahreszeit. <\/p>\n<p>Ob Sie einen Winterschutz, eine Abdeckung w\u00e4hrend des Transports oder eine langfristige Lagerung ben\u00f6tigen \u2013 unsere Schrumpffolien-Technologie stellt sicher, dass Ihre Wasserfahrzeuge vollst\u00e4ndig vor Witterungseinfl\u00fcssen, UV-Strahlen, Feuchtigkeit und mechanischen Sch\u00e4den gesch\u00fctzt sind.<\/p>\n\n\t\t\t\t\t\t\n\t\t\t\t\t\t                            <ul class=\"section-solutions-grid-button\">\n\t\t\t\t\t\t\t\t                                    <li>\n                                        <a href=\"\/de\/dienstleistungen\/nautik\/\" title=\"Erfahren Sie mehr\"\n                                           class=\"button button-primary\"\n\t\t\t\t\t\t\t\t\t\t\t >Erfahren Sie mehr<\/a>\n                                    <\/li>\n\t\t\t\t\t\t\t\t                            <\/ul>\n\t\t\t\t\t\t                    <\/div>\n\t\t\t\t\t                        <div class=\"item-image scroll-effect se-right\">\n                            <img loading=\"lazy\" decoding=\"async\" src=\"https:\/\/exprimoadria.com\/wp-content\/uploads\/2024\/12\/shrink_wrapp.jpg\" alt=\"\" width=\"1024\"\n                                 height=\"772\">\n                        <\/div>\n\t\t\t\t\t                <\/div>\n\t\t\t                <div class=\"section-solutions-grid-item\">\n                    <div class=\"item-info scroll-effect se-left\">\n\t                                            <h2>Industrie<\/h2>\n\t\t\t\t\t\t<p>Unsere Schrumpffolien-Technologie f\u00fcr industrielle Anwendungen ist darauf ausgelegt, maximalen Schutz f\u00fcr Ihre Maschinen, Ausr\u00fcstungen und Industrieprodukte unter allen Bedingungen zu bieten. Wir bieten anpassbare L\u00f6sungen, die eine starke und langlebige Barriere gegen \u00e4u\u00dfere Einfl\u00fcsse darstellen \u2013 sei es w\u00e4hrend des Transports oder bei langfristiger Lagerung im Freien oder in Innenr\u00e4umen.<\/p>\n\n\t\t\t\t\t\t\n\t\t\t\t\t\t                            <ul class=\"section-solutions-grid-button\">\n\t\t\t\t\t\t\t\t                                    <li>\n                                        <a href=\"\/de\/dienstleistungen\/industrie\/\" title=\"Erfahren Sie mehr\"\n                                           class=\"button button-primary\"\n\t\t\t\t\t\t\t\t\t\t\t >Erfahren Sie mehr<\/a>\n                                    <\/li>\n\t\t\t\t\t\t\t\t                            <\/ul>\n\t\t\t\t\t\t                    <\/div>\n\t\t\t\t\t                        <div class=\"item-image scroll-effect se-right\">\n                            <img loading=\"lazy\" decoding=\"async\" src=\"https:\/\/exprimoadria.com\/wp-content\/uploads\/2024\/11\/IMG-20230614-WA0023-1024x461.jpg\" alt=\"\" width=\"2048\"\n                                 height=\"921\">\n                        <\/div>\n\t\t\t\t\t                <\/div>\n\t\t\t                <div class=\"section-solutions-grid-item\">\n                    <div class=\"item-info scroll-effect se-left\">\n\t                                            <h2>Bauwesen<\/h2>\n\t\t\t\t\t\t<p>Unsere professionellen Schrumpffolien-L\u00f6sungen f\u00fcr die Bauindustrie bieten einen langanhaltenden und robusten Schutz f\u00fcr Ihre Projekte. Ob es darum geht, eine Struktur, Maschinen oder Bauequipment zu sch\u00fctzen \u2013 unser hochwertiges Material bildet eine starke und zuverl\u00e4ssige Barriere gegen alle \u00e4u\u00dferen Einfl\u00fcsse, einschlie\u00dflich Regen, Wind, Staub, UV-Strahlen und extremen Temperaturen.<\/p>\n\n\t\t\t\t\t\t\n\t\t\t\t\t\t                            <ul class=\"section-solutions-grid-button\">\n\t\t\t\t\t\t\t\t                                    <li>\n                                        <a href=\"\/de\/dienstleistungen\/bauwesen\/\" title=\"Erfahren Sie mehr\"\n                                           class=\"button button-primary\"\n\t\t\t\t\t\t\t\t\t\t\t >Erfahren Sie mehr<\/a>\n                                    <\/li>\n\t\t\t\t\t\t\t\t                            <\/ul>\n\t\t\t\t\t\t                    <\/div>\n\t\t\t\t\t                        <div class=\"item-image scroll-effect se-right\">\n                            <img loading=\"lazy\" decoding=\"async\" src=\"https:\/\/exprimoadria.com\/wp-content\/uploads\/2024\/11\/20240213_072747-1024x768.jpg\" alt=\"\" width=\"2560\"\n                                 height=\"1920\">\n                        <\/div>\n\t\t\t\t\t                <\/div>\n\t\t\t        <\/div>\n    <\/section>\n","protected":false},"excerpt":{"rendered":"","protected":false},"author":1,"featured_media":0,"parent":0,"menu_order":0,"comment_status":"closed","ping_status":"closed","template":"templates\/page-wide.php","meta":{"_acf_changed":false,"inline_featured_image":false,"footnotes":""},"class_list":["post-1097","page","type-page","status-publish","hentry"],"acf":[],"yoast_head":"<!-- This site is optimized with the Yoast SEO plugin v27.5 - https:\/\/yoast.com\/product\/yoast-seo-wordpress\/ -->\n<title>Shrink Wrap - Exprimo Adria - shrink wrap co.<\/title>\n<meta name=\"robots\" content=\"index, follow, max-snippet:-1, max-image-preview:large, max-video-preview:-1\" \/>\n<link rel=\"canonical\" href=\"https:\/\/exprimoadria.com\/de\/shrink-wrap\/\" \/>\n<meta property=\"og:locale\" content=\"de_DE\" \/>\n<meta property=\"og:type\" content=\"article\" \/>\n<meta property=\"og:title\" content=\"Shrink Wrap - Exprimo Adria - shrink wrap co.\" \/>\n<meta property=\"og:url\" content=\"https:\/\/exprimoadria.com\/de\/shrink-wrap\/\" \/>\n<meta property=\"og:site_name\" content=\"Exprimo Adria - shrink wrap co.\" \/>\n<meta property=\"article:modified_time\" content=\"2025-03-17T08:20:35+00:00\" \/>\n<meta name=\"twitter:card\" content=\"summary_large_image\" \/>\n<script type=\"application\/ld+json\" class=\"yoast-schema-graph\">{\"@context\":\"https:\\\/\\\/schema.org\",\"@graph\":[{\"@type\":\"WebPage\",\"@id\":\"https:\\\/\\\/exprimoadria.com\\\/de\\\/shrink-wrap\\\/\",\"url\":\"https:\\\/\\\/exprimoadria.com\\\/de\\\/shrink-wrap\\\/\",\"name\":\"Shrink Wrap - Exprimo Adria - shrink wrap co.\",\"isPartOf\":{\"@id\":\"https:\\\/\\\/exprimoadria.com\\\/de\\\/#website\"},\"datePublished\":\"2024-10-30T00:27:10+00:00\",\"dateModified\":\"2025-03-17T08:20:35+00:00\",\"breadcrumb\":{\"@id\":\"https:\\\/\\\/exprimoadria.com\\\/de\\\/shrink-wrap\\\/#breadcrumb\"},\"inLanguage\":\"de\",\"potentialAction\":[{\"@type\":\"ReadAction\",\"target\":[\"https:\\\/\\\/exprimoadria.com\\\/de\\\/shrink-wrap\\\/\"]}]},{\"@type\":\"BreadcrumbList\",\"@id\":\"https:\\\/\\\/exprimoadria.com\\\/de\\\/shrink-wrap\\\/#breadcrumb\",\"itemListElement\":[{\"@type\":\"ListItem\",\"position\":1,\"name\":\"Po\u010detna stranica\",\"item\":\"https:\\\/\\\/exprimoadria.com\\\/de\\\/\"},{\"@type\":\"ListItem\",\"position\":2,\"name\":\"Shrink Wrap\"}]},{\"@type\":\"WebSite\",\"@id\":\"https:\\\/\\\/exprimoadria.com\\\/de\\\/#website\",\"url\":\"https:\\\/\\\/exprimoadria.com\\\/de\\\/\",\"name\":\"Exprimo Adria - shrink wrap co.\",\"description\":\"\",\"publisher\":{\"@id\":\"https:\\\/\\\/exprimoadria.com\\\/de\\\/#organization\"},\"potentialAction\":[{\"@type\":\"SearchAction\",\"target\":{\"@type\":\"EntryPoint\",\"urlTemplate\":\"https:\\\/\\\/exprimoadria.com\\\/de\\\/?s={search_term_string}\"},\"query-input\":{\"@type\":\"PropertyValueSpecification\",\"valueRequired\":true,\"valueName\":\"search_term_string\"}}],\"inLanguage\":\"de\"},{\"@type\":\"Organization\",\"@id\":\"https:\\\/\\\/exprimoadria.com\\\/de\\\/#organization\",\"name\":\"Exprimo Adria - shrink wrap co.\",\"url\":\"https:\\\/\\\/exprimoadria.com\\\/de\\\/\",\"logo\":{\"@type\":\"ImageObject\",\"inLanguage\":\"de\",\"@id\":\"https:\\\/\\\/exprimoadria.com\\\/de\\\/#\\\/schema\\\/logo\\\/image\\\/\",\"url\":\"https:\\\/\\\/exprimoadria.com\\\/wp-content\\\/uploads\\\/2024\\\/10\\\/Exprimo_Adria_Logo.svg\",\"contentUrl\":\"https:\\\/\\\/exprimoadria.com\\\/wp-content\\\/uploads\\\/2024\\\/10\\\/Exprimo_Adria_Logo.svg\",\"width\":217,\"height\":217,\"caption\":\"Exprimo Adria - shrink wrap co.\"},\"image\":{\"@id\":\"https:\\\/\\\/exprimoadria.com\\\/de\\\/#\\\/schema\\\/logo\\\/image\\\/\"}}]}<\/script>\n<!-- \/ Yoast SEO plugin. -->","yoast_head_json":{"title":"Shrink Wrap - Exprimo Adria - shrink wrap co.","robots":{"index":"index","follow":"follow","max-snippet":"max-snippet:-1","max-image-preview":"max-image-preview:large","max-video-preview":"max-video-preview:-1"},"canonical":"https:\/\/exprimoadria.com\/de\/shrink-wrap\/","og_locale":"de_DE","og_type":"article","og_title":"Shrink Wrap - Exprimo Adria - shrink wrap co.","og_url":"https:\/\/exprimoadria.com\/de\/shrink-wrap\/","og_site_name":"Exprimo Adria - shrink wrap co.","article_modified_time":"2025-03-17T08:20:35+00:00","twitter_card":"summary_large_image","schema":{"@context":"https:\/\/schema.org","@graph":[{"@type":"WebPage","@id":"https:\/\/exprimoadria.com\/de\/shrink-wrap\/","url":"https:\/\/exprimoadria.com\/de\/shrink-wrap\/","name":"Shrink Wrap - Exprimo Adria - shrink wrap co.","isPartOf":{"@id":"https:\/\/exprimoadria.com\/de\/#website"},"datePublished":"2024-10-30T00:27:10+00:00","dateModified":"2025-03-17T08:20:35+00:00","breadcrumb":{"@id":"https:\/\/exprimoadria.com\/de\/shrink-wrap\/#breadcrumb"},"inLanguage":"de","potentialAction":[{"@type":"ReadAction","target":["https:\/\/exprimoadria.com\/de\/shrink-wrap\/"]}]},{"@type":"BreadcrumbList","@id":"https:\/\/exprimoadria.com\/de\/shrink-wrap\/#breadcrumb","itemListElement":[{"@type":"ListItem","position":1,"name":"Po\u010detna stranica","item":"https:\/\/exprimoadria.com\/de\/"},{"@type":"ListItem","position":2,"name":"Shrink Wrap"}]},{"@type":"WebSite","@id":"https:\/\/exprimoadria.com\/de\/#website","url":"https:\/\/exprimoadria.com\/de\/","name":"Exprimo Adria - shrink wrap co.","description":"","publisher":{"@id":"https:\/\/exprimoadria.com\/de\/#organization"},"potentialAction":[{"@type":"SearchAction","target":{"@type":"EntryPoint","urlTemplate":"https:\/\/exprimoadria.com\/de\/?s={search_term_string}"},"query-input":{"@type":"PropertyValueSpecification","valueRequired":true,"valueName":"search_term_string"}}],"inLanguage":"de"},{"@type":"Organization","@id":"https:\/\/exprimoadria.com\/de\/#organization","name":"Exprimo Adria - shrink wrap co.","url":"https:\/\/exprimoadria.com\/de\/","logo":{"@type":"ImageObject","inLanguage":"de","@id":"https:\/\/exprimoadria.com\/de\/#\/schema\/logo\/image\/","url":"https:\/\/exprimoadria.com\/wp-content\/uploads\/2024\/10\/Exprimo_Adria_Logo.svg","contentUrl":"https:\/\/exprimoadria.com\/wp-content\/uploads\/2024\/10\/Exprimo_Adria_Logo.svg","width":217,"height":217,"caption":"Exprimo Adria - shrink wrap co."},"image":{"@id":"https:\/\/exprimoadria.com\/de\/#\/schema\/logo\/image\/"}}]}},"_links":{"self":[{"href":"https:\/\/exprimoadria.com\/de\/wp-json\/wp\/v2\/pages\/1097","targetHints":{"allow":["GET"]}}],"collection":[{"href":"https:\/\/exprimoadria.com\/de\/wp-json\/wp\/v2\/pages"}],"about":[{"href":"https:\/\/exprimoadria.com\/de\/wp-json\/wp\/v2\/types\/page"}],"author":[{"embeddable":true,"href":"https:\/\/exprimoadria.com\/de\/wp-json\/wp\/v2\/users\/1"}],"replies":[{"embeddable":true,"href":"https:\/\/exprimoadria.com\/de\/wp-json\/wp\/v2\/comments?post=1097"}],"version-history":[{"count":5,"href":"https:\/\/exprimoadria.com\/de\/wp-json\/wp\/v2\/pages\/1097\/revisions"}],"predecessor-version":[{"id":1431,"href":"https:\/\/exprimoadria.com\/de\/wp-json\/wp\/v2\/pages\/1097\/revisions\/1431"}],"wp:attachment":[{"href":"https:\/\/exprimoadria.com\/de\/wp-json\/wp\/v2\/media?parent=1097"}],"curies":[{"name":"wp","href":"https:\/\/api.w.org\/{rel}","templated":true}]}}