{"id":1103,"date":"2025-02-01T00:10:15","date_gmt":"2025-01-31T23:10:15","guid":{"rendered":"https:\/\/exprimoadria.com\/vatrootporna-folija\/"},"modified":"2025-03-14T11:54:49","modified_gmt":"2025-03-14T10:54:49","slug":"feuerhemmende-folie","status":"publish","type":"page","link":"https:\/\/exprimoadria.com\/de\/feuerhemmende-folie\/","title":{"rendered":"Feuerhemmende Folie"},"content":{"rendered":"\t\t\n    <section class=\"section-page-intro white\">\n        <picture>\n            <source srcset=\"https:\/\/exprimoadria.com\/wp-content\/uploads\/2024\/12\/Nasa-strucnost-Vasa-sigurnost-.jpg\" media=\"(min-width: 1024px)\">\n            <img loading=\"lazy\" decoding=\"async\" src=\"https:\/\/exprimoadria.com\/wp-content\/uploads\/2024\/12\/Nasa-strucnost-Vasa-sigurnost-.jpg\" alt=\"\" width=\"1200\"\n                 height=\"774\">\n        <\/picture>\n        <div class=\"section-page-intro-wrapper container\">\n            <h1 class=\"scroll-effect se-bottom\">Feuerhemmende Folie<\/h1>\n        <\/div>\n    <\/section>\n\n\n    <section class=\"section-solutions-grid\">\n        <div class=\"section-solutions-grid-wrapper container\">\n\t\t\t                <div class=\"section-solutions-grid-item\">\n                    <div class=\"item-info scroll-effect se-left\">\n\t                                            <h2>Sch\u00fctzen Sie Ihr Eigentum mit feuerhemmender Shrink Wrap Folie!<\/h2>\n\t\t\t\t\t\t<p>Sicherheit, Langlebigkeit und ultimativer Schutz \u2013 jetzt mit feuerhemmender Technologie!<\/p>\n<p>Suchen Sie nach einer Shrink Wrap L\u00f6sung, die nicht nur hervorragenden Wetterschutz bietet, sondern auch f\u00fcr zus\u00e4tzliche Sicherheit sorgt? Unsere feuerhemmende Shrink Wrap Folie bietet die ideale L\u00f6sung, um Ihre Produkte und Werte vor potenziellen Brandgefahren zu sch\u00fctzen, und ist daher perfekt f\u00fcr empfindliche Anwendungen oder risikoreiche Umgebungen geeignet.<\/p>\n\n\t\t\t\t\t\t\n\t\t\t\t\t\t                    <\/div>\n\t\t\t\t\t                        <div class=\"item-image scroll-effect se-right\">\n                            <img loading=\"lazy\" decoding=\"async\" src=\"https:\/\/exprimoadria.com\/wp-content\/uploads\/2024\/12\/Nasa-strucnost-Vasa-sigurnost--1024x660.jpg\" alt=\"\" width=\"1200\"\n                                 height=\"774\">\n                        <\/div>\n\t\t\t\t\t                <\/div>\n\t\t\t        <\/div>\n    <\/section>\n\n\n    <section class=\"section-text-columns\">\n        <div class=\"section-text-columns-wrapper container\">\n            <h2 class=\"scroll-effect\">Warum feuerhemmende Shrink Wrap Folie w\u00e4hlen?<\/h2>\n            <div class=\"section-text-columns-grid\">\n                <div class=\"section-text-columns-box scroll-effect se-left\">\n\t\t\t\t\t<p><strong>1. Erh\u00f6hte Brandsicherheit: <\/strong><br \/>\nMit speziellen feuerbest\u00e4ndigen Eigenschaften entwickelt, hilft unsere Shrink Wrap Folie, das Risiko einer Entz\u00fcndung zu minimieren, was sie ideal f\u00fcr Umgebungen macht, in denen Brandschutz eine Priorit\u00e4t ist.<\/p>\n<p><strong>2. Langlebig und robust:<\/strong><br \/>\nNeben der feuerhemmenden Eigenschaft bietet diese Shrink Wrap Folie alle Schutzvorteile der traditionellen Shrink Wrap Folie. Sie sch\u00fctzt Ihre Artikel vor UV-Strahlen, Staub, Schmutz, Feuchtigkeit und extremen Temperaturen.<\/p>\n<p><strong>3. Ideal f\u00fcr hochriskante Anwendungen:<\/strong><br \/>\nPerfekt f\u00fcr Branchen, in denen Brandschutz entscheidend ist, wie z.B. Bauwesen, Transport, Lagerung und industrielle Umgebungen. Ob zum Abdecken von Ausr\u00fcstungen, Maschinen oder Baumaterialien, es bietet eine zus\u00e4tzliche Schutzschicht.<\/p>\n                <\/div>\n                <div class=\"section-text-columns-box scroll-effect se-right\">\n\t\t\t\t\t<p><strong>4.Langfristiger Schutz:<\/strong><br \/>\nUnsere feuerhemmende Shrink Wrap Folie ist so konzipiert, dass sie \u00fcber l\u00e4ngere Zeitr\u00e4ume hinweg h\u00e4lt und sicherstellt, dass Ihre Werte unter extremen Bedingungen sicher und in einwandfreiem Zustand bleiben.<\/p>\n<p><strong>5. Einhaltung der Sicherheitsvorschriften:<\/strong><br \/>\nEntspricht den branchen\u00fcblichen Brandschutzvorschriften, was sie zur idealen Wahl f\u00fcr kommerzielle, industrielle und private Projekte macht, bei denen Brandschutzvorschriften eingehalten werden m\u00fcssen<\/p>\n<p><strong>6.Vielseitig und anpassbar:<\/strong><br \/>\nIn verschiedenen Gr\u00f6\u00dfen und St\u00e4rken erh\u00e4ltlich, kann unsere feuerhemmende Shrink Wrap Folie an jede Anwendung angepasst werden \u2013 von Booten und schweren Maschinen bis hin zu Paletten und empfindlichen Ger\u00e4ten.<\/p>\n                <\/div>\n            <\/div>\n        <\/div>\n    <\/section>\n\n\n    <section class=\"section-solutions-grid\">\n        <div class=\"section-solutions-grid-wrapper container\">\n\t\t\t                <div class=\"section-solutions-grid-item\">\n                    <div class=\"item-info scroll-effect se-left\">\n\t                                            <h2>Hauptvorteile:<\/h2>\n\t\t\t\t\t\t<p><strong>Brandschutz:<\/strong> Reduziert das Risiko von Brandgefahren, w\u00e4hrend sie alle sch\u00fctzenden Eigenschaften der regul\u00e4ren Shrink Wrap Folie bietet.<\/p>\n<p><strong>Witterungsbest\u00e4ndigkeit:<\/strong> Sch\u00fctzt vor Regen, Schnee, Staub und UV-Belastung und h\u00e4lt Ihre Waren sicher und unversehrt.<\/p>\n<p><strong>Einfache Anwendung:<\/strong> Der Anwendungsprozess ist mit Standard-Shrink-Wrapping-Ausr\u00fcstung einfach \u2013 keine zus\u00e4tzlichen Schritte oder speziellen Werkzeuge erforderlich.<\/p>\n<p><strong>Umweltfreundlich:<\/strong> Wie alle Shrink Wrap Produkte ist sie vollst\u00e4ndig recycelbar und bietet eine umweltfreundliche Option f\u00fcr sch\u00fctzende Verpackungen.<\/p>\n\n\t\t\t\t\t\t\n\t\t\t\t\t\t                    <\/div>\n\t\t\t\t\t                        <div class=\"item-image scroll-effect se-right\">\n                            <img loading=\"lazy\" decoding=\"async\" src=\"https:\/\/exprimoadria.com\/wp-content\/uploads\/2024\/10\/jahta.jpg\" alt=\"\" width=\"974\"\n                                 height=\"729\">\n                        <\/div>\n\t\t\t\t\t                <\/div>\n\t\t\t                <div class=\"section-solutions-grid-item\">\n                    <div class=\"item-info scroll-effect se-left\">\n\t                                            <h2>Perfekt f\u00fcr<\/h2>\n\t\t\t\t\t\t<p><strong>Baustellen:<\/strong> Sch\u00fctzen Sie Materialien und Ausr\u00fcstungen vor Umwelteinfl\u00fcssen und halten Sie sich an die Brandschutzvorschriften.<\/p>\n<p><strong>Industrielle Anwendungen:<\/strong> Sch\u00fctzen Sie empfindliche Maschinen und Ausr\u00fcstungen vor Brandgefahren und \u00e4u\u00dferen Einfl\u00fcssen.<\/p>\n<p><strong>Transport:<\/strong> Ideal f\u00fcr den Versand und Transport von Waren, die zus\u00e4tzlichen Brandschutz erfordern.<\/p>\n<p><strong>Lagerung und Lagerh\u00e4user:<\/strong> Sch\u00fctzen Sie gelagerte Artikel vor Brandgefahren, Staub und Feuchtigkeit, w\u00e4hrend Sie einfachen Zugang und Sichtbarkeit beibehalten.<\/p>\n\n\t\t\t\t\t\t\n\t\t\t\t\t\t                    <\/div>\n\t\t\t\t\t                        <div class=\"item-image scroll-effect se-right\">\n                            <img loading=\"lazy\" decoding=\"async\" src=\"https:\/\/exprimoadria.com\/wp-content\/uploads\/2024\/10\/IMG-20241020-WA0036-1024x768.jpg\" alt=\"\" width=\"1600\"\n                                 height=\"1200\">\n                        <\/div>\n\t\t\t\t\t                <\/div>\n\t\t\t        <\/div>\n    <\/section>\n","protected":false},"excerpt":{"rendered":"","protected":false},"author":1,"featured_media":0,"parent":0,"menu_order":0,"comment_status":"closed","ping_status":"closed","template":"templates\/page-wide.php","meta":{"_acf_changed":false,"inline_featured_image":false,"footnotes":""},"class_list":["post-1103","page","type-page","status-publish","hentry"],"acf":[],"yoast_head":"<!-- This site is optimized with the Yoast SEO plugin v27.5 - https:\/\/yoast.com\/product\/yoast-seo-wordpress\/ -->\n<title>Feuerhemmende Folie - Exprimo Adria - shrink wrap co.<\/title>\n<meta name=\"robots\" content=\"index, follow, max-snippet:-1, max-image-preview:large, max-video-preview:-1\" \/>\n<link rel=\"canonical\" href=\"https:\/\/exprimoadria.com\/de\/feuerhemmende-folie\/\" \/>\n<meta property=\"og:locale\" content=\"de_DE\" \/>\n<meta property=\"og:type\" content=\"article\" \/>\n<meta property=\"og:title\" content=\"Feuerhemmende Folie - Exprimo Adria - shrink wrap co.\" \/>\n<meta property=\"og:url\" content=\"https:\/\/exprimoadria.com\/de\/feuerhemmende-folie\/\" \/>\n<meta property=\"og:site_name\" content=\"Exprimo Adria - shrink wrap co.\" \/>\n<meta property=\"article:modified_time\" content=\"2025-03-14T10:54:49+00:00\" \/>\n<meta name=\"twitter:card\" content=\"summary_large_image\" \/>\n<script type=\"application\/ld+json\" class=\"yoast-schema-graph\">{\"@context\":\"https:\\\/\\\/schema.org\",\"@graph\":[{\"@type\":\"WebPage\",\"@id\":\"https:\\\/\\\/exprimoadria.com\\\/de\\\/feuerhemmende-folie\\\/\",\"url\":\"https:\\\/\\\/exprimoadria.com\\\/de\\\/feuerhemmende-folie\\\/\",\"name\":\"Feuerhemmende Folie - Exprimo Adria - shrink wrap co.\",\"isPartOf\":{\"@id\":\"https:\\\/\\\/exprimoadria.com\\\/de\\\/#website\"},\"datePublished\":\"2025-01-31T23:10:15+00:00\",\"dateModified\":\"2025-03-14T10:54:49+00:00\",\"breadcrumb\":{\"@id\":\"https:\\\/\\\/exprimoadria.com\\\/de\\\/feuerhemmende-folie\\\/#breadcrumb\"},\"inLanguage\":\"de\",\"potentialAction\":[{\"@type\":\"ReadAction\",\"target\":[\"https:\\\/\\\/exprimoadria.com\\\/de\\\/feuerhemmende-folie\\\/\"]}]},{\"@type\":\"BreadcrumbList\",\"@id\":\"https:\\\/\\\/exprimoadria.com\\\/de\\\/feuerhemmende-folie\\\/#breadcrumb\",\"itemListElement\":[{\"@type\":\"ListItem\",\"position\":1,\"name\":\"Po\u010detna stranica\",\"item\":\"https:\\\/\\\/exprimoadria.com\\\/de\\\/\"},{\"@type\":\"ListItem\",\"position\":2,\"name\":\"Feuerhemmende Folie\"}]},{\"@type\":\"WebSite\",\"@id\":\"https:\\\/\\\/exprimoadria.com\\\/de\\\/#website\",\"url\":\"https:\\\/\\\/exprimoadria.com\\\/de\\\/\",\"name\":\"Exprimo Adria - shrink wrap co.\",\"description\":\"\",\"publisher\":{\"@id\":\"https:\\\/\\\/exprimoadria.com\\\/de\\\/#organization\"},\"potentialAction\":[{\"@type\":\"SearchAction\",\"target\":{\"@type\":\"EntryPoint\",\"urlTemplate\":\"https:\\\/\\\/exprimoadria.com\\\/de\\\/?s={search_term_string}\"},\"query-input\":{\"@type\":\"PropertyValueSpecification\",\"valueRequired\":true,\"valueName\":\"search_term_string\"}}],\"inLanguage\":\"de\"},{\"@type\":\"Organization\",\"@id\":\"https:\\\/\\\/exprimoadria.com\\\/de\\\/#organization\",\"name\":\"Exprimo Adria - shrink wrap co.\",\"url\":\"https:\\\/\\\/exprimoadria.com\\\/de\\\/\",\"logo\":{\"@type\":\"ImageObject\",\"inLanguage\":\"de\",\"@id\":\"https:\\\/\\\/exprimoadria.com\\\/de\\\/#\\\/schema\\\/logo\\\/image\\\/\",\"url\":\"https:\\\/\\\/exprimoadria.com\\\/wp-content\\\/uploads\\\/2024\\\/10\\\/Exprimo_Adria_Logo.svg\",\"contentUrl\":\"https:\\\/\\\/exprimoadria.com\\\/wp-content\\\/uploads\\\/2024\\\/10\\\/Exprimo_Adria_Logo.svg\",\"width\":217,\"height\":217,\"caption\":\"Exprimo Adria - shrink wrap co.\"},\"image\":{\"@id\":\"https:\\\/\\\/exprimoadria.com\\\/de\\\/#\\\/schema\\\/logo\\\/image\\\/\"}}]}<\/script>\n<!-- \/ Yoast SEO plugin. -->","yoast_head_json":{"title":"Feuerhemmende Folie - Exprimo Adria - shrink wrap co.","robots":{"index":"index","follow":"follow","max-snippet":"max-snippet:-1","max-image-preview":"max-image-preview:large","max-video-preview":"max-video-preview:-1"},"canonical":"https:\/\/exprimoadria.com\/de\/feuerhemmende-folie\/","og_locale":"de_DE","og_type":"article","og_title":"Feuerhemmende Folie - Exprimo Adria - shrink wrap co.","og_url":"https:\/\/exprimoadria.com\/de\/feuerhemmende-folie\/","og_site_name":"Exprimo Adria - shrink wrap co.","article_modified_time":"2025-03-14T10:54:49+00:00","twitter_card":"summary_large_image","schema":{"@context":"https:\/\/schema.org","@graph":[{"@type":"WebPage","@id":"https:\/\/exprimoadria.com\/de\/feuerhemmende-folie\/","url":"https:\/\/exprimoadria.com\/de\/feuerhemmende-folie\/","name":"Feuerhemmende Folie - Exprimo Adria - shrink wrap co.","isPartOf":{"@id":"https:\/\/exprimoadria.com\/de\/#website"},"datePublished":"2025-01-31T23:10:15+00:00","dateModified":"2025-03-14T10:54:49+00:00","breadcrumb":{"@id":"https:\/\/exprimoadria.com\/de\/feuerhemmende-folie\/#breadcrumb"},"inLanguage":"de","potentialAction":[{"@type":"ReadAction","target":["https:\/\/exprimoadria.com\/de\/feuerhemmende-folie\/"]}]},{"@type":"BreadcrumbList","@id":"https:\/\/exprimoadria.com\/de\/feuerhemmende-folie\/#breadcrumb","itemListElement":[{"@type":"ListItem","position":1,"name":"Po\u010detna stranica","item":"https:\/\/exprimoadria.com\/de\/"},{"@type":"ListItem","position":2,"name":"Feuerhemmende Folie"}]},{"@type":"WebSite","@id":"https:\/\/exprimoadria.com\/de\/#website","url":"https:\/\/exprimoadria.com\/de\/","name":"Exprimo Adria - shrink wrap co.","description":"","publisher":{"@id":"https:\/\/exprimoadria.com\/de\/#organization"},"potentialAction":[{"@type":"SearchAction","target":{"@type":"EntryPoint","urlTemplate":"https:\/\/exprimoadria.com\/de\/?s={search_term_string}"},"query-input":{"@type":"PropertyValueSpecification","valueRequired":true,"valueName":"search_term_string"}}],"inLanguage":"de"},{"@type":"Organization","@id":"https:\/\/exprimoadria.com\/de\/#organization","name":"Exprimo Adria - shrink wrap co.","url":"https:\/\/exprimoadria.com\/de\/","logo":{"@type":"ImageObject","inLanguage":"de","@id":"https:\/\/exprimoadria.com\/de\/#\/schema\/logo\/image\/","url":"https:\/\/exprimoadria.com\/wp-content\/uploads\/2024\/10\/Exprimo_Adria_Logo.svg","contentUrl":"https:\/\/exprimoadria.com\/wp-content\/uploads\/2024\/10\/Exprimo_Adria_Logo.svg","width":217,"height":217,"caption":"Exprimo Adria - shrink wrap co."},"image":{"@id":"https:\/\/exprimoadria.com\/de\/#\/schema\/logo\/image\/"}}]}},"_links":{"self":[{"href":"https:\/\/exprimoadria.com\/de\/wp-json\/wp\/v2\/pages\/1103","targetHints":{"allow":["GET"]}}],"collection":[{"href":"https:\/\/exprimoadria.com\/de\/wp-json\/wp\/v2\/pages"}],"about":[{"href":"https:\/\/exprimoadria.com\/de\/wp-json\/wp\/v2\/types\/page"}],"author":[{"embeddable":true,"href":"https:\/\/exprimoadria.com\/de\/wp-json\/wp\/v2\/users\/1"}],"replies":[{"embeddable":true,"href":"https:\/\/exprimoadria.com\/de\/wp-json\/wp\/v2\/comments?post=1103"}],"version-history":[{"count":1,"href":"https:\/\/exprimoadria.com\/de\/wp-json\/wp\/v2\/pages\/1103\/revisions"}],"predecessor-version":[{"id":1153,"href":"https:\/\/exprimoadria.com\/de\/wp-json\/wp\/v2\/pages\/1103\/revisions\/1153"}],"wp:attachment":[{"href":"https:\/\/exprimoadria.com\/de\/wp-json\/wp\/v2\/media?parent=1103"}],"curies":[{"name":"wp","href":"https:\/\/api.w.org\/{rel}","templated":true}]}}