{"id":1074,"date":"2024-10-30T01:27:39","date_gmt":"2024-10-30T00:27:39","guid":{"rendered":"https:\/\/exprimoadria.com\/kontakt\/"},"modified":"2025-03-14T12:17:09","modified_gmt":"2025-03-14T11:17:09","slug":"kontakt","status":"publish","type":"page","link":"https:\/\/exprimoadria.com\/it\/kontakt\/","title":{"rendered":"Contatti"},"content":{"rendered":"\t\t\n    <section class=\"section-page-intro white\">\n        <picture>\n            <source srcset=\"https:\/\/exprimoadria.com\/wp-content\/uploads\/2024\/12\/Exprimo-Adria-web-KONTAKT.jpg\" media=\"(min-width: 1024px)\">\n            <img loading=\"lazy\" decoding=\"async\" src=\"https:\/\/exprimoadria.com\/wp-content\/uploads\/2024\/12\/Exprimo-Adria-web-KONTAKT.jpg\" alt=\"\" width=\"1920\"\n                 height=\"1080\">\n        <\/picture>\n        <div class=\"section-page-intro-wrapper container\">\n            <h1 class=\"scroll-effect se-bottom\">Contatti<\/h1>\n        <\/div>\n    <\/section>\n\n\n    <section class=\"section-solutions-grid\">\n        <div class=\"section-solutions-grid-wrapper container\">\n\t\t\t                <div class=\"section-solutions-grid-item\">\n                    <div class=\"item-info scroll-effect se-left\">\n\t                                            <h2>Garantisci protezione Premium Shrink-Wrap per i tuoi progetti<\/h2>\n\t\t\t\t\t\t<p>Cerchi un partner affidabile che comprenda ogni dettaglio della protezione Shrink-Wrap? Exprimo Adria \u00e8 qui per offrire soluzioni su misura che soddisfano le tue esigenze, che si tratti di proteggere imbarcazioni, progetti di costruzione o impianti industriali. Con esperienza, un team professionale e materiali all&#8217;avanguardia di Dr. Shrink Inc., offriamo protezione affidabile che dura nel tempo e garantisce la longevit\u00e0 dei tuoi beni.<\/p>\n<p>I nostri esperti sono pronti a rispondere a tutte le tue domande, darti consulenza e offrirti il miglior servizio nel minor tempo possibile. Affida i tuoi progetti a noi e sarai sicuro che la tua attrezzatura, le tue macchine e le tue strutture siano nelle migliori mani.<\/p>\n\n\t\t\t\t\t\t\n\t\t\t\t\t\t                    <\/div>\n\t\t\t\t\t                        <div class=\"item-image scroll-effect se-right\">\n                            <img loading=\"lazy\" decoding=\"async\" src=\"https:\/\/exprimoadria.com\/wp-content\/uploads\/2024\/12\/Exprimo-Adria-web-KONTAKT2-1024x576.jpg\" alt=\"\" width=\"1920\"\n                                 height=\"1080\">\n                        <\/div>\n\t\t\t\t\t                <\/div>\n\t\t\t        <\/div>\n    <\/section>\n\n\n    <section class=\"block-cf7-custom dark\">\n        <div class=\"block-cf7-custom-wrapper container\">\n            <h2 class=\"block-cf7-custom-title\">Richiedi un preventivo<\/h2>\n            <div class=\"block-cf7-custom-description\">Contattaci e costruiamo insieme.\r\n\r\n<\/div>\n            <div class=\"form-container\">\n\t\t\t\t\n<div class=\"wpcf7 no-js\" id=\"wpcf7-f1434-o1\" lang=\"it-IT\" dir=\"ltr\" data-wpcf7-id=\"1434\">\n<div class=\"screen-reader-response\"><p role=\"status\" aria-live=\"polite\" aria-atomic=\"true\"><\/p> <ul><\/ul><\/div>\n<form action=\"\/it\/wp-json\/wp\/v2\/pages\/1074#wpcf7-f1434-o1\" method=\"post\" class=\"wpcf7-form init\" aria-label=\"Modulo di contatto\" novalidate=\"novalidate\" data-status=\"init\">\n<fieldset class=\"hidden-fields-container\"><input type=\"hidden\" name=\"_wpcf7\" value=\"1434\" \/><input type=\"hidden\" name=\"_wpcf7_version\" value=\"6.1.5\" \/><input type=\"hidden\" name=\"_wpcf7_locale\" value=\"it_IT\" \/><input type=\"hidden\" name=\"_wpcf7_unit_tag\" value=\"wpcf7-f1434-o1\" \/><input type=\"hidden\" name=\"_wpcf7_container_post\" value=\"0\" \/><input type=\"hidden\" name=\"_wpcf7_posted_data_hash\" value=\"\" \/><input type=\"hidden\" name=\"_wpcf7_recaptcha_response\" value=\"\" \/>\n<\/fieldset>\n<div class=\"form-fields\">\n<div class=\"form-fields\">\n\n<div class=\"form-field wide\"><label>Nome e cognome <span class=\"wpcf7-form-control-wrap\" data-name=\"your-name\"><input size=\"40\" maxlength=\"400\" class=\"wpcf7-form-control wpcf7-text wpcf7-validates-as-required\" autocomplete=\"name\" aria-required=\"true\" aria-invalid=\"false\" value=\"\" type=\"text\" name=\"your-name\" \/><\/span> <\/label><\/div>\n\n<div class=\"form-field wide\"><label>Email <span class=\"wpcf7-form-control-wrap\" data-name=\"your-email\"><input size=\"40\" maxlength=\"400\" class=\"wpcf7-form-control wpcf7-email wpcf7-validates-as-required wpcf7-text wpcf7-validates-as-email\" autocomplete=\"email\" aria-required=\"true\" aria-invalid=\"false\" value=\"\" type=\"email\" name=\"your-email\" \/><\/span> <\/label><\/div>\n\n<div class=\"form-field wide\"><label>Telefono <span class=\"wpcf7-form-control-wrap\" data-name=\"your-phone\"><input size=\"40\" maxlength=\"400\" class=\"wpcf7-form-control wpcf7-text\" aria-invalid=\"false\" value=\"\" type=\"text\" name=\"your-phone\" \/><\/span><\/label><\/div>\n\n<\/div>\n\n<div class=\"form-fields\">\n\n<div class=\"form-field wide\"><label>La tua richiesta: <span class=\"wpcf7-form-control-wrap\" data-name=\"your-message\"><textarea cols=\"10\" rows=\"7\" maxlength=\"2000\" class=\"wpcf7-form-control wpcf7-textarea\" aria-invalid=\"false\" name=\"your-message\"><\/textarea><\/span> <\/label><\/div>\n\n<div class=\"form-field wide\"><input class=\"wpcf7-form-control wpcf7-submit has-spinner\" type=\"submit\" value=\"Invia\" \/><\/div>\n\n<\/div>\n\n<\/div><div class=\"wpcf7-response-output\" aria-hidden=\"true\"><\/div>\n<\/form>\n<\/div>\n            <\/div>\n        <\/div>\n    <\/section>\n\n\n    <section class=\"section-text-columns\">\n        <div class=\"section-text-columns-wrapper container\">\n            <h2 class=\"scroll-effect\">EXPRIMO ADRIA d.o.o. <small>za trgovinu, usluge i zastupanje<\/small><\/h2>\n            <div class=\"section-text-columns-grid\">\n                <div class=\"section-text-columns-box scroll-effect se-left\">\n\t\t\t\t\t<p><strong>Sjedi\u0161te:<\/strong> Vince 15, 10000 Zagreb, Hrvatska<\/p>\n<p><strong>Ured:<\/strong> Kaptol 15, 10000 Zagreb, Hrvatska<\/p>\n<p><strong>E-po\u0161ta:<\/strong> <a target=\"_blank\" href=\"mailto:info@exprimoadria.com\">info@exprimoadria.com<\/a><\/p>\n<p>Tel: <a href=\"tel:+38514851536\" rel=\"noopener\" target=\"_blank\">+385 1 485 1536<\/a><\/p>\n<p><strong>Osniva\u010di \/ \u010dlanovi dru\u0161tva:<\/strong> Ana Blanquart<\/p>\n<p><strong>Osobe ovla\u0161tene za zastupanje:<\/strong> Ana Blanquart, David Blanquart<\/p>\n                <\/div>\n                <div class=\"section-text-columns-box scroll-effect se-right\">\n\t\t\t\t\t<p><strong>OIB:<\/strong> 85897446648<br \/>\n<strong>MB:<\/strong> 02037688<\/p>\n<p>Trgova\u010dko dru\u0161tvo upisano je u Sudski registar Trgova\u010dkog suda u Zagrebu pod mati\u010dnim brojem subjekta <strong>080550742<\/strong>.<\/p>\n<p><strong>Temeljni kapital:<\/strong> 20.000,00 kn upla\u0107en u cijelosti.<\/p>\n<p><strong>Broj ra\u010duna (IBAN): <\/strong>HR6124080021100023850, Partner banka d.d.<\/p>\n                <\/div>\n            <\/div>\n        <\/div>\n    <\/section>\n","protected":false},"excerpt":{"rendered":"","protected":false},"author":1,"featured_media":0,"parent":0,"menu_order":0,"comment_status":"closed","ping_status":"closed","template":"templates\/page-wide.php","meta":{"_acf_changed":false,"inline_featured_image":false,"footnotes":""},"class_list":["post-1074","page","type-page","status-publish","hentry"],"acf":[],"yoast_head":"<!-- This site is optimized with the Yoast SEO plugin v27.5 - https:\/\/yoast.com\/product\/yoast-seo-wordpress\/ -->\n<title>Contatti - Exprimo Adria - shrink wrap co.<\/title>\n<meta name=\"robots\" content=\"index, follow, max-snippet:-1, max-image-preview:large, max-video-preview:-1\" \/>\n<link rel=\"canonical\" href=\"https:\/\/exprimoadria.com\/it\/kontakt\/\" \/>\n<meta property=\"og:locale\" content=\"it_IT\" \/>\n<meta property=\"og:type\" content=\"article\" \/>\n<meta property=\"og:title\" content=\"Contatti - Exprimo Adria - shrink wrap co.\" \/>\n<meta property=\"og:url\" content=\"https:\/\/exprimoadria.com\/it\/kontakt\/\" \/>\n<meta property=\"og:site_name\" content=\"Exprimo Adria - shrink wrap co.\" \/>\n<meta property=\"article:modified_time\" content=\"2025-03-14T11:17:09+00:00\" \/>\n<meta name=\"twitter:card\" content=\"summary_large_image\" \/>\n<script type=\"application\/ld+json\" class=\"yoast-schema-graph\">{\"@context\":\"https:\\\/\\\/schema.org\",\"@graph\":[{\"@type\":\"WebPage\",\"@id\":\"https:\\\/\\\/exprimoadria.com\\\/it\\\/kontakt\\\/\",\"url\":\"https:\\\/\\\/exprimoadria.com\\\/it\\\/kontakt\\\/\",\"name\":\"Contatti - Exprimo Adria - shrink wrap co.\",\"isPartOf\":{\"@id\":\"https:\\\/\\\/exprimoadria.com\\\/it\\\/#website\"},\"datePublished\":\"2024-10-30T00:27:39+00:00\",\"dateModified\":\"2025-03-14T11:17:09+00:00\",\"breadcrumb\":{\"@id\":\"https:\\\/\\\/exprimoadria.com\\\/it\\\/kontakt\\\/#breadcrumb\"},\"inLanguage\":\"it-IT\",\"potentialAction\":[{\"@type\":\"ReadAction\",\"target\":[\"https:\\\/\\\/exprimoadria.com\\\/it\\\/kontakt\\\/\"]}]},{\"@type\":\"BreadcrumbList\",\"@id\":\"https:\\\/\\\/exprimoadria.com\\\/it\\\/kontakt\\\/#breadcrumb\",\"itemListElement\":[{\"@type\":\"ListItem\",\"position\":1,\"name\":\"Po\u010detna stranica\",\"item\":\"https:\\\/\\\/exprimoadria.com\\\/it\\\/\"},{\"@type\":\"ListItem\",\"position\":2,\"name\":\"Contatti\"}]},{\"@type\":\"WebSite\",\"@id\":\"https:\\\/\\\/exprimoadria.com\\\/it\\\/#website\",\"url\":\"https:\\\/\\\/exprimoadria.com\\\/it\\\/\",\"name\":\"Exprimo Adria - shrink wrap co.\",\"description\":\"\",\"publisher\":{\"@id\":\"https:\\\/\\\/exprimoadria.com\\\/it\\\/#organization\"},\"potentialAction\":[{\"@type\":\"SearchAction\",\"target\":{\"@type\":\"EntryPoint\",\"urlTemplate\":\"https:\\\/\\\/exprimoadria.com\\\/it\\\/?s={search_term_string}\"},\"query-input\":{\"@type\":\"PropertyValueSpecification\",\"valueRequired\":true,\"valueName\":\"search_term_string\"}}],\"inLanguage\":\"it-IT\"},{\"@type\":\"Organization\",\"@id\":\"https:\\\/\\\/exprimoadria.com\\\/it\\\/#organization\",\"name\":\"Exprimo Adria - shrink wrap co.\",\"url\":\"https:\\\/\\\/exprimoadria.com\\\/it\\\/\",\"logo\":{\"@type\":\"ImageObject\",\"inLanguage\":\"it-IT\",\"@id\":\"https:\\\/\\\/exprimoadria.com\\\/it\\\/#\\\/schema\\\/logo\\\/image\\\/\",\"url\":\"https:\\\/\\\/exprimoadria.com\\\/wp-content\\\/uploads\\\/2024\\\/10\\\/Exprimo_Adria_Logo.svg\",\"contentUrl\":\"https:\\\/\\\/exprimoadria.com\\\/wp-content\\\/uploads\\\/2024\\\/10\\\/Exprimo_Adria_Logo.svg\",\"width\":217,\"height\":217,\"caption\":\"Exprimo Adria - shrink wrap co.\"},\"image\":{\"@id\":\"https:\\\/\\\/exprimoadria.com\\\/it\\\/#\\\/schema\\\/logo\\\/image\\\/\"}}]}<\/script>\n<!-- \/ Yoast SEO plugin. -->","yoast_head_json":{"title":"Contatti - Exprimo Adria - shrink wrap co.","robots":{"index":"index","follow":"follow","max-snippet":"max-snippet:-1","max-image-preview":"max-image-preview:large","max-video-preview":"max-video-preview:-1"},"canonical":"https:\/\/exprimoadria.com\/it\/kontakt\/","og_locale":"it_IT","og_type":"article","og_title":"Contatti - Exprimo Adria - shrink wrap co.","og_url":"https:\/\/exprimoadria.com\/it\/kontakt\/","og_site_name":"Exprimo Adria - shrink wrap co.","article_modified_time":"2025-03-14T11:17:09+00:00","twitter_card":"summary_large_image","schema":{"@context":"https:\/\/schema.org","@graph":[{"@type":"WebPage","@id":"https:\/\/exprimoadria.com\/it\/kontakt\/","url":"https:\/\/exprimoadria.com\/it\/kontakt\/","name":"Contatti - Exprimo Adria - shrink wrap co.","isPartOf":{"@id":"https:\/\/exprimoadria.com\/it\/#website"},"datePublished":"2024-10-30T00:27:39+00:00","dateModified":"2025-03-14T11:17:09+00:00","breadcrumb":{"@id":"https:\/\/exprimoadria.com\/it\/kontakt\/#breadcrumb"},"inLanguage":"it-IT","potentialAction":[{"@type":"ReadAction","target":["https:\/\/exprimoadria.com\/it\/kontakt\/"]}]},{"@type":"BreadcrumbList","@id":"https:\/\/exprimoadria.com\/it\/kontakt\/#breadcrumb","itemListElement":[{"@type":"ListItem","position":1,"name":"Po\u010detna stranica","item":"https:\/\/exprimoadria.com\/it\/"},{"@type":"ListItem","position":2,"name":"Contatti"}]},{"@type":"WebSite","@id":"https:\/\/exprimoadria.com\/it\/#website","url":"https:\/\/exprimoadria.com\/it\/","name":"Exprimo Adria - shrink wrap co.","description":"","publisher":{"@id":"https:\/\/exprimoadria.com\/it\/#organization"},"potentialAction":[{"@type":"SearchAction","target":{"@type":"EntryPoint","urlTemplate":"https:\/\/exprimoadria.com\/it\/?s={search_term_string}"},"query-input":{"@type":"PropertyValueSpecification","valueRequired":true,"valueName":"search_term_string"}}],"inLanguage":"it-IT"},{"@type":"Organization","@id":"https:\/\/exprimoadria.com\/it\/#organization","name":"Exprimo Adria - shrink wrap co.","url":"https:\/\/exprimoadria.com\/it\/","logo":{"@type":"ImageObject","inLanguage":"it-IT","@id":"https:\/\/exprimoadria.com\/it\/#\/schema\/logo\/image\/","url":"https:\/\/exprimoadria.com\/wp-content\/uploads\/2024\/10\/Exprimo_Adria_Logo.svg","contentUrl":"https:\/\/exprimoadria.com\/wp-content\/uploads\/2024\/10\/Exprimo_Adria_Logo.svg","width":217,"height":217,"caption":"Exprimo Adria - shrink wrap co."},"image":{"@id":"https:\/\/exprimoadria.com\/it\/#\/schema\/logo\/image\/"}}]}},"_links":{"self":[{"href":"https:\/\/exprimoadria.com\/it\/wp-json\/wp\/v2\/pages\/1074","targetHints":{"allow":["GET"]}}],"collection":[{"href":"https:\/\/exprimoadria.com\/it\/wp-json\/wp\/v2\/pages"}],"about":[{"href":"https:\/\/exprimoadria.com\/it\/wp-json\/wp\/v2\/types\/page"}],"author":[{"embeddable":true,"href":"https:\/\/exprimoadria.com\/it\/wp-json\/wp\/v2\/users\/1"}],"replies":[{"embeddable":true,"href":"https:\/\/exprimoadria.com\/it\/wp-json\/wp\/v2\/comments?post=1074"}],"version-history":[{"count":1,"href":"https:\/\/exprimoadria.com\/it\/wp-json\/wp\/v2\/pages\/1074\/revisions"}],"predecessor-version":[{"id":1358,"href":"https:\/\/exprimoadria.com\/it\/wp-json\/wp\/v2\/pages\/1074\/revisions\/1358"}],"wp:attachment":[{"href":"https:\/\/exprimoadria.com\/it\/wp-json\/wp\/v2\/media?parent=1074"}],"curies":[{"name":"wp","href":"https:\/\/api.w.org\/{rel}","templated":true}]}}