{"id":1091,"date":"2024-10-30T01:27:26","date_gmt":"2024-10-30T00:27:26","guid":{"rendered":"https:\/\/exprimoadria.com\/o-nama\/"},"modified":"2025-03-14T12:14:35","modified_gmt":"2025-03-14T11:14:35","slug":"o-nama","status":"publish","type":"page","link":"https:\/\/exprimoadria.com\/it\/o-nama\/","title":{"rendered":"Chi Siamo"},"content":{"rendered":"\t\t\n    <section class=\"section-page-intro white\">\n        <picture>\n            <source srcset=\"https:\/\/exprimoadria.com\/wp-content\/uploads\/2024\/10\/exprimoadria-slider-01.jpg\" media=\"(min-width: 1024px)\">\n            <img loading=\"lazy\" decoding=\"async\" src=\"https:\/\/exprimoadria.com\/wp-content\/uploads\/2024\/10\/exprimoadria-slider-01.jpg\" alt=\"\" width=\"1936\"\n                 height=\"1089\">\n        <\/picture>\n        <div class=\"section-page-intro-wrapper container\">\n            <h1 class=\"scroll-effect se-bottom\">Chi Siamo:<\/h1>\n        <\/div>\n    <\/section>\n\n\n    <section class=\"section-solutions-grid\">\n        <div class=\"section-solutions-grid-wrapper container\">\n\t\t\t                <div class=\"section-solutions-grid-item\">\n                    <div class=\"item-info scroll-effect se-left\">\n\t                                            <h2>Exprimo Adria <br><small>Il tuo partner di fiducia per le soluzioni Shrink-Wrap<\/small><\/h2>\n\t\t\t\t\t\t<p>Benvenuti in Exprimo Adria, l&#8217;azienda leader specializzata in soluzioni professionali Shrink-Wrap nella regione.<br \/>\n<strong>La nostra missione?<\/strong> Offrirti la protezione di prima qualit\u00e0 che le tue attrezzature, imbarcazioni e progetti di costruzione meritano.<\/p>\n<p>Come distributore esclusivo dell&#8217;azienda di fama mondiale Dr. Shrink Inc., portiamo sul mercato le tecnologie pi\u00f9 avanzate e materiali di alta qualit\u00e0 per offrirti protezione contro le condizioni meteo pi\u00f9 estreme, sia per la conservazione che per il trasporto.<\/p>\n\n\t\t\t\t\t\t\n\t\t\t\t\t\t                    <\/div>\n\t\t\t\t\t                        <div class=\"item-image scroll-effect se-right\">\n                            <img loading=\"lazy\" decoding=\"async\" src=\"https:\/\/exprimoadria.com\/wp-content\/uploads\/2024\/12\/Picture1.jpg\" alt=\"\" width=\"974\"\n                                 height=\"729\">\n                        <\/div>\n\t\t\t\t\t                <\/div>\n\t\t\t                <div class=\"section-solutions-grid-item\">\n                    <div class=\"item-info scroll-effect se-left\">\n\t                                            <h2>Perch\u00e9 scegliere Exprimo Adria?<\/h2>\n\t\t\t\t\t\t<p>Il nostro team di esperti si dedica ad ogni progetto con la stessa passione e attenzione ai dettagli.<\/p>\n<p>I nostri professionisti Shrink-Wrap, formati secondo i pi\u00f9 alti standard del settore, lavorano con materiali di prima qualit\u00e0, utilizzando la loro esperienza e competenza per sviluppare soluzioni personalizzate per le esigenze specifiche di ogni cliente.<\/p>\n<p>Comprendiamo l&#8217;importanza di proteggere completamente le tue attrezzature e investimenti, che si tratti di applicazioni nautiche, industriali o edili.<\/p>\n\n\t\t\t\t\t\t\n\t\t\t\t\t\t                    <\/div>\n\t\t\t\t\t                        <div class=\"item-image scroll-effect se-right\">\n                            <img loading=\"lazy\" decoding=\"async\" src=\"https:\/\/exprimoadria.com\/wp-content\/uploads\/2024\/12\/exprimo_o-nama-1024x576.jpg\" alt=\"\" width=\"1920\"\n                                 height=\"1080\">\n                        <\/div>\n\t\t\t\t\t                <\/div>\n\t\t\t                <div class=\"section-solutions-grid-item\">\n                    <div class=\"item-info scroll-effect se-left\">\n\t                                            <h2>La nostra esperienza, la tua sicurezza<\/h2>\n\t\t\t\t\t\t<p>Exprimo Adria \u00e8 un team di professionisti con una conoscenza approfondita della tecnologia Shrink-Wrap.<\/p>\n<p>Sappiamo come applicare tecniche e materiali specializzati per garantire una protezione durevole e affidabile per ogni tipo di oggetto, in qualsiasi condizione.<\/p>\n<p>La nostra partnership con Dr. Shrink Inc. ci consente di utilizzare tecnologie innovative che garantiscono durabilit\u00e0 e una qualit\u00e0 di protezione superiore.<\/p>\n\n\t\t\t\t\t\t\n\t\t\t\t\t\t                    <\/div>\n\t\t\t\t\t                        <div class=\"item-image scroll-effect se-right\">\n                            <img loading=\"lazy\" decoding=\"async\" src=\"https:\/\/exprimoadria.com\/wp-content\/uploads\/2024\/12\/Nasa-strucnost-Vasa-sigurnost--1024x660.jpg\" alt=\"\" width=\"1200\"\n                                 height=\"774\">\n                        <\/div>\n\t\t\t\t\t                <\/div>\n\t\t\t                <div class=\"section-solutions-grid-item\">\n                    <div class=\"item-info scroll-effect se-left\">\n\t                                            <h2>Affidabilit\u00e0 e qualit\u00e0 prima di tutto<\/h2>\n\t\t\t\t\t\t<p>Come fornitore leader di servizi Shrink-Wrap nella regione, siamo orgogliosi della nostra esperienza, della nostra reputazione e dei legami duraturi con i nostri clienti.<\/p>\n<p>Consideriamo ogni progetto come un&#8217;opportunit\u00e0 per offrire soluzioni che superano le aspettative.<\/p>\n<p>Dal primo contatto fino alla realizzazione finale, il nostro team offre supporto, consulenza e una qualit\u00e0 di esecuzione impeccabile.<\/p>\n\n\t\t\t\t\t\t\n\t\t\t\t\t\t                    <\/div>\n\t\t\t\t\t                        <div class=\"item-image scroll-effect se-right\">\n                            <img loading=\"lazy\" decoding=\"async\" src=\"https:\/\/exprimoadria.com\/wp-content\/uploads\/2024\/12\/o_nama-1024x576.jpg\" alt=\"\" width=\"1920\"\n                                 height=\"1080\">\n                        <\/div>\n\t\t\t\t\t                <\/div>\n\t\t\t        <\/div>\n    <\/section>\n\n\n    <section class=\"block-cf7-custom dark\">\n        <div class=\"block-cf7-custom-wrapper container\">\n            <h2 class=\"block-cf7-custom-title\">Affida la tua sicurezza ai professionisti dello Shrink-Wrap!<\/h2>\n            <div class=\"block-cf7-custom-description\">Contattaci \u2013 lascia che il nostro team di esperti offra protezione e sicurezza superiori per i tuoi progetti e beni.<br>\r\nCon Exprimo Adria, garantisci protezione a lungo termine e collaudata, che assicura esperienza, professionalit\u00e0 e competenza.\r\n\r\n<\/div>\n            <div class=\"form-container\">\n\t\t\t\t\n<div class=\"wpcf7 no-js\" id=\"wpcf7-f1434-o1\" lang=\"it-IT\" dir=\"ltr\" data-wpcf7-id=\"1434\">\n<div class=\"screen-reader-response\"><p role=\"status\" aria-live=\"polite\" aria-atomic=\"true\"><\/p> <ul><\/ul><\/div>\n<form action=\"\/it\/wp-json\/wp\/v2\/pages\/1091#wpcf7-f1434-o1\" method=\"post\" class=\"wpcf7-form init\" aria-label=\"Modulo di contatto\" novalidate=\"novalidate\" data-status=\"init\">\n<fieldset class=\"hidden-fields-container\"><input type=\"hidden\" name=\"_wpcf7\" value=\"1434\" \/><input type=\"hidden\" name=\"_wpcf7_version\" value=\"6.1.5\" \/><input type=\"hidden\" name=\"_wpcf7_locale\" value=\"it_IT\" \/><input type=\"hidden\" name=\"_wpcf7_unit_tag\" value=\"wpcf7-f1434-o1\" \/><input type=\"hidden\" name=\"_wpcf7_container_post\" value=\"0\" \/><input type=\"hidden\" name=\"_wpcf7_posted_data_hash\" value=\"\" \/><input type=\"hidden\" name=\"_wpcf7_recaptcha_response\" value=\"\" \/>\n<\/fieldset>\n<div class=\"form-fields\">\n<div class=\"form-fields\">\n\n<div class=\"form-field wide\"><label>Nome e cognome <span class=\"wpcf7-form-control-wrap\" data-name=\"your-name\"><input size=\"40\" maxlength=\"400\" class=\"wpcf7-form-control wpcf7-text wpcf7-validates-as-required\" autocomplete=\"name\" aria-required=\"true\" aria-invalid=\"false\" value=\"\" type=\"text\" name=\"your-name\" \/><\/span> <\/label><\/div>\n\n<div class=\"form-field wide\"><label>Email <span class=\"wpcf7-form-control-wrap\" data-name=\"your-email\"><input size=\"40\" maxlength=\"400\" class=\"wpcf7-form-control wpcf7-email wpcf7-validates-as-required wpcf7-text wpcf7-validates-as-email\" autocomplete=\"email\" aria-required=\"true\" aria-invalid=\"false\" value=\"\" type=\"email\" name=\"your-email\" \/><\/span> <\/label><\/div>\n\n<div class=\"form-field wide\"><label>Telefono <span class=\"wpcf7-form-control-wrap\" data-name=\"your-phone\"><input size=\"40\" maxlength=\"400\" class=\"wpcf7-form-control wpcf7-text\" aria-invalid=\"false\" value=\"\" type=\"text\" name=\"your-phone\" \/><\/span><\/label><\/div>\n\n<\/div>\n\n<div class=\"form-fields\">\n\n<div class=\"form-field wide\"><label>La tua richiesta: <span class=\"wpcf7-form-control-wrap\" data-name=\"your-message\"><textarea cols=\"10\" rows=\"7\" maxlength=\"2000\" class=\"wpcf7-form-control wpcf7-textarea\" aria-invalid=\"false\" name=\"your-message\"><\/textarea><\/span> <\/label><\/div>\n\n<div class=\"form-field wide\"><input class=\"wpcf7-form-control wpcf7-submit has-spinner\" type=\"submit\" value=\"Invia\" \/><\/div>\n\n<\/div>\n\n<\/div><div class=\"wpcf7-response-output\" aria-hidden=\"true\"><\/div>\n<\/form>\n<\/div>\n            <\/div>\n        <\/div>\n    <\/section>\n","protected":false},"excerpt":{"rendered":"","protected":false},"author":1,"featured_media":0,"parent":0,"menu_order":0,"comment_status":"closed","ping_status":"closed","template":"templates\/page-wide.php","meta":{"_acf_changed":false,"inline_featured_image":false,"footnotes":""},"class_list":["post-1091","page","type-page","status-publish","hentry"],"acf":[],"yoast_head":"<!-- This site is optimized with the Yoast SEO plugin v27.5 - https:\/\/yoast.com\/product\/yoast-seo-wordpress\/ -->\n<title>Chi Siamo - Exprimo Adria - shrink wrap co.<\/title>\n<meta name=\"robots\" content=\"index, follow, max-snippet:-1, max-image-preview:large, max-video-preview:-1\" \/>\n<link rel=\"canonical\" href=\"https:\/\/exprimoadria.com\/it\/o-nama\/\" \/>\n<meta property=\"og:locale\" content=\"it_IT\" \/>\n<meta property=\"og:type\" content=\"article\" \/>\n<meta property=\"og:title\" content=\"Chi Siamo - Exprimo Adria - shrink wrap co.\" \/>\n<meta property=\"og:url\" content=\"https:\/\/exprimoadria.com\/it\/o-nama\/\" \/>\n<meta property=\"og:site_name\" content=\"Exprimo Adria - shrink wrap co.\" \/>\n<meta property=\"article:modified_time\" content=\"2025-03-14T11:14:35+00:00\" \/>\n<meta name=\"twitter:card\" content=\"summary_large_image\" \/>\n<script type=\"application\/ld+json\" class=\"yoast-schema-graph\">{\"@context\":\"https:\\\/\\\/schema.org\",\"@graph\":[{\"@type\":\"WebPage\",\"@id\":\"https:\\\/\\\/exprimoadria.com\\\/it\\\/o-nama\\\/\",\"url\":\"https:\\\/\\\/exprimoadria.com\\\/it\\\/o-nama\\\/\",\"name\":\"Chi Siamo - Exprimo Adria - shrink wrap co.\",\"isPartOf\":{\"@id\":\"https:\\\/\\\/exprimoadria.com\\\/it\\\/#website\"},\"datePublished\":\"2024-10-30T00:27:26+00:00\",\"dateModified\":\"2025-03-14T11:14:35+00:00\",\"breadcrumb\":{\"@id\":\"https:\\\/\\\/exprimoadria.com\\\/it\\\/o-nama\\\/#breadcrumb\"},\"inLanguage\":\"it-IT\",\"potentialAction\":[{\"@type\":\"ReadAction\",\"target\":[\"https:\\\/\\\/exprimoadria.com\\\/it\\\/o-nama\\\/\"]}]},{\"@type\":\"BreadcrumbList\",\"@id\":\"https:\\\/\\\/exprimoadria.com\\\/it\\\/o-nama\\\/#breadcrumb\",\"itemListElement\":[{\"@type\":\"ListItem\",\"position\":1,\"name\":\"Po\u010detna stranica\",\"item\":\"https:\\\/\\\/exprimoadria.com\\\/it\\\/\"},{\"@type\":\"ListItem\",\"position\":2,\"name\":\"Chi Siamo\"}]},{\"@type\":\"WebSite\",\"@id\":\"https:\\\/\\\/exprimoadria.com\\\/it\\\/#website\",\"url\":\"https:\\\/\\\/exprimoadria.com\\\/it\\\/\",\"name\":\"Exprimo Adria - shrink wrap co.\",\"description\":\"\",\"publisher\":{\"@id\":\"https:\\\/\\\/exprimoadria.com\\\/it\\\/#organization\"},\"potentialAction\":[{\"@type\":\"SearchAction\",\"target\":{\"@type\":\"EntryPoint\",\"urlTemplate\":\"https:\\\/\\\/exprimoadria.com\\\/it\\\/?s={search_term_string}\"},\"query-input\":{\"@type\":\"PropertyValueSpecification\",\"valueRequired\":true,\"valueName\":\"search_term_string\"}}],\"inLanguage\":\"it-IT\"},{\"@type\":\"Organization\",\"@id\":\"https:\\\/\\\/exprimoadria.com\\\/it\\\/#organization\",\"name\":\"Exprimo Adria - shrink wrap co.\",\"url\":\"https:\\\/\\\/exprimoadria.com\\\/it\\\/\",\"logo\":{\"@type\":\"ImageObject\",\"inLanguage\":\"it-IT\",\"@id\":\"https:\\\/\\\/exprimoadria.com\\\/it\\\/#\\\/schema\\\/logo\\\/image\\\/\",\"url\":\"https:\\\/\\\/exprimoadria.com\\\/wp-content\\\/uploads\\\/2024\\\/10\\\/Exprimo_Adria_Logo.svg\",\"contentUrl\":\"https:\\\/\\\/exprimoadria.com\\\/wp-content\\\/uploads\\\/2024\\\/10\\\/Exprimo_Adria_Logo.svg\",\"width\":217,\"height\":217,\"caption\":\"Exprimo Adria - shrink wrap co.\"},\"image\":{\"@id\":\"https:\\\/\\\/exprimoadria.com\\\/it\\\/#\\\/schema\\\/logo\\\/image\\\/\"}}]}<\/script>\n<!-- \/ Yoast SEO plugin. -->","yoast_head_json":{"title":"Chi Siamo - Exprimo Adria - shrink wrap co.","robots":{"index":"index","follow":"follow","max-snippet":"max-snippet:-1","max-image-preview":"max-image-preview:large","max-video-preview":"max-video-preview:-1"},"canonical":"https:\/\/exprimoadria.com\/it\/o-nama\/","og_locale":"it_IT","og_type":"article","og_title":"Chi Siamo - Exprimo Adria - shrink wrap co.","og_url":"https:\/\/exprimoadria.com\/it\/o-nama\/","og_site_name":"Exprimo Adria - shrink wrap co.","article_modified_time":"2025-03-14T11:14:35+00:00","twitter_card":"summary_large_image","schema":{"@context":"https:\/\/schema.org","@graph":[{"@type":"WebPage","@id":"https:\/\/exprimoadria.com\/it\/o-nama\/","url":"https:\/\/exprimoadria.com\/it\/o-nama\/","name":"Chi Siamo - Exprimo Adria - shrink wrap co.","isPartOf":{"@id":"https:\/\/exprimoadria.com\/it\/#website"},"datePublished":"2024-10-30T00:27:26+00:00","dateModified":"2025-03-14T11:14:35+00:00","breadcrumb":{"@id":"https:\/\/exprimoadria.com\/it\/o-nama\/#breadcrumb"},"inLanguage":"it-IT","potentialAction":[{"@type":"ReadAction","target":["https:\/\/exprimoadria.com\/it\/o-nama\/"]}]},{"@type":"BreadcrumbList","@id":"https:\/\/exprimoadria.com\/it\/o-nama\/#breadcrumb","itemListElement":[{"@type":"ListItem","position":1,"name":"Po\u010detna stranica","item":"https:\/\/exprimoadria.com\/it\/"},{"@type":"ListItem","position":2,"name":"Chi Siamo"}]},{"@type":"WebSite","@id":"https:\/\/exprimoadria.com\/it\/#website","url":"https:\/\/exprimoadria.com\/it\/","name":"Exprimo Adria - shrink wrap co.","description":"","publisher":{"@id":"https:\/\/exprimoadria.com\/it\/#organization"},"potentialAction":[{"@type":"SearchAction","target":{"@type":"EntryPoint","urlTemplate":"https:\/\/exprimoadria.com\/it\/?s={search_term_string}"},"query-input":{"@type":"PropertyValueSpecification","valueRequired":true,"valueName":"search_term_string"}}],"inLanguage":"it-IT"},{"@type":"Organization","@id":"https:\/\/exprimoadria.com\/it\/#organization","name":"Exprimo Adria - shrink wrap co.","url":"https:\/\/exprimoadria.com\/it\/","logo":{"@type":"ImageObject","inLanguage":"it-IT","@id":"https:\/\/exprimoadria.com\/it\/#\/schema\/logo\/image\/","url":"https:\/\/exprimoadria.com\/wp-content\/uploads\/2024\/10\/Exprimo_Adria_Logo.svg","contentUrl":"https:\/\/exprimoadria.com\/wp-content\/uploads\/2024\/10\/Exprimo_Adria_Logo.svg","width":217,"height":217,"caption":"Exprimo Adria - shrink wrap co."},"image":{"@id":"https:\/\/exprimoadria.com\/it\/#\/schema\/logo\/image\/"}}]}},"_links":{"self":[{"href":"https:\/\/exprimoadria.com\/it\/wp-json\/wp\/v2\/pages\/1091","targetHints":{"allow":["GET"]}}],"collection":[{"href":"https:\/\/exprimoadria.com\/it\/wp-json\/wp\/v2\/pages"}],"about":[{"href":"https:\/\/exprimoadria.com\/it\/wp-json\/wp\/v2\/types\/page"}],"author":[{"embeddable":true,"href":"https:\/\/exprimoadria.com\/it\/wp-json\/wp\/v2\/users\/1"}],"replies":[{"embeddable":true,"href":"https:\/\/exprimoadria.com\/it\/wp-json\/wp\/v2\/comments?post=1091"}],"version-history":[{"count":1,"href":"https:\/\/exprimoadria.com\/it\/wp-json\/wp\/v2\/pages\/1091\/revisions"}],"predecessor-version":[{"id":1354,"href":"https:\/\/exprimoadria.com\/it\/wp-json\/wp\/v2\/pages\/1091\/revisions\/1354"}],"wp:attachment":[{"href":"https:\/\/exprimoadria.com\/it\/wp-json\/wp\/v2\/media?parent=1091"}],"curies":[{"name":"wp","href":"https:\/\/api.w.org\/{rel}","templated":true}]}}