{"id":1095,"date":"2025-02-24T09:18:03","date_gmt":"2025-02-24T08:18:03","guid":{"rendered":"https:\/\/exprimoadria.com\/postaja-za-omatanje\/"},"modified":"2025-03-14T11:35:55","modified_gmt":"2025-03-14T10:35:55","slug":"postaja-za-omatanje","status":"publish","type":"page","link":"https:\/\/exprimoadria.com\/it\/postaja-za-omatanje\/","title":{"rendered":"Stazione di avvolgimento"},"content":{"rendered":"\t\t\n    <section class=\"section-page-intro white\">\n        <picture>\n            <source srcset=\"https:\/\/exprimoadria.com\/wp-content\/uploads\/2024\/10\/Plovilo-spremno-za-transport-zasticeno-bijelom-termoskupljajucom-folijom-u-suhom-vezu-1.jpg\" media=\"(min-width: 1024px)\">\n            <img loading=\"lazy\" decoding=\"async\" src=\"https:\/\/exprimoadria.com\/wp-content\/uploads\/2024\/10\/Plovilo-spremno-za-transport-zasticeno-bijelom-termoskupljajucom-folijom-u-suhom-vezu-1.jpg\" alt=\"\" width=\"1069\"\n                 height=\"817\">\n        <\/picture>\n        <div class=\"section-page-intro-wrapper container\">\n            <h1 class=\"scroll-effect se-bottom\">Stazione di avvolgimento<\/h1>\n        <\/div>\n    <\/section>\n\n\n    <section class=\"section-solutions-grid\">\n        <div class=\"section-solutions-grid-wrapper container\">\n\t\t\t                <div class=\"section-solutions-grid-item\">\n                    <div class=\"item-info scroll-effect se-left\">\n\t                                            <h2>Proteggi i tuoi beni con i nostri servizi professionali di Shrink Wrap!<\/h2>\n\t\t\t\t\t\t<p>Cerchi il modo migliore per proteggere la tua imbarcazione, mobili o attrezzature da condizioni meteorologiche estreme, sporco e danni UV? La nostra stazione di avvolgimento Shrink Wrap offre una soluzione sicura, efficiente e di alta qualit\u00e0 per mantenere i tuoi beni in perfette condizioni durante lo stoccaggio stagionale o il trasporto.<\/p>\n\n\t\t\t\t\t\t\n\t\t\t\t\t\t                    <\/div>\n\t\t\t\t\t                        <div class=\"item-image scroll-effect se-right\">\n                            <img loading=\"lazy\" decoding=\"async\" src=\"https:\/\/exprimoadria.com\/wp-content\/uploads\/2024\/12\/IMG-20241020-WA0063-1024x768.jpg\" alt=\"\" width=\"2000\"\n                                 height=\"1500\">\n                        <\/div>\n\t\t\t\t\t                <\/div>\n\t\t\t        <\/div>\n    <\/section>\n\n\n    <section class=\"section-text-columns\">\n        <div class=\"section-text-columns-wrapper container\">\n            <h2 class=\"scroll-effect\">Caratteristiche principali della nostra stazione di avvolgimento Shrink Wrap:<\/h2>\n            <div class=\"section-text-columns-grid\">\n                <div class=\"section-text-columns-box scroll-effect se-left\">\n\t\t\t\t\t<ol>\n<li><strong>Protezione personalizzata:<\/strong><br \/>La nostra stazione garantisce che la tua imbarcazione, dalla prua alla poppa, sia completamente coperta con pellicola termorestringente, perfettamente adattata alle sue dimensioni e offrendo una protezione totale senza lacune.\n<\/li>\n<li><strong>Materiali durevoli e resistenti alle intemperie:<\/strong><br \/>Utilizziamo Shrink Wrap di alta qualit\u00e0 che resiste alle condizioni meteorologiche pi\u00f9 difficili, tra cui neve, pioggia, vento forte e raggi solari. La tua imbarcazione o attrezzatura sar\u00e0 completamente protetta da raggi UV, polvere e altri agenti esterni.\n<\/li>\n<li><strong>Processo di avvolgimento efficiente:<\/strong><br \/>\nUna rapida e professionale applicazione della pellicola con l&#8217;uso delle attrezzature pi\u00f9 moderne garantisce un fissaggio perfetto e sicuro. Avvolgiamo imbarcazioni di tutte le dimensioni, dalle piccole barche a vela alle grandi yacht.\n<\/li>\n<\/ol>\n                <\/div>\n                <div class=\"section-text-columns-box scroll-effect se-right\">\n\t\t\t\t\t<ol start=\"4\">\n<li><strong>Sigillatura sicura e salda:<\/strong><br \/>La nostra tecnologia avanzata di sigillatura assicura connessioni forti in tutti i punti dell&#8217;imbarcazione, impedendo che umidit\u00e0 e polvere penetrino nel rivestimento protettivo.\n<\/li>\n<li><strong>Protezione stagionale:<\/strong><br \/>La soluzione ideale per lo stoccaggio invernale o per il trasporto. Proteggi la tua imbarcazione durante il deposito stagionale e assicurati che resti sicura da neve, ghiaccio e sporco.\n<\/li>\n<li><strong>Pronto per il trasporto:<\/strong><br \/>Shrink Wrap offre protezione aggiuntiva durante i lunghi viaggi, prevenendo graffi, danni e contaminazioni.\n<\/li>\n<li><strong>Ecologico:<\/strong><br \/>Utilizziamo materiali ecologici per il processo di Shrink Wrapping, che sono al 100% riciclabili, riducendo cos\u00ec la tua impronta ecologica mentre mantieni la tua imbarcazione in ottime condizioni.\n<\/li>\n<\/ol>\n                <\/div>\n            <\/div>\n        <\/div>\n    <\/section>\n\n\n    <section class=\"section-solutions-grid\">\n        <div class=\"section-solutions-grid-wrapper container\">\n\t\t\t                <div class=\"section-solutions-grid-item\">\n                    <div class=\"item-info scroll-effect se-left\">\n\t                                            <h2>Vantaggi pratici:<\/h2>\n\t\t\t\t\t\t<p>Offriamo un servizio veloce e senza preoccupazioni, garantendo che la tua imbarcazione sia pronta per lo stoccaggio o il trasporto senza ulteriori preoccupazioni.<\/p>\n\n\t\t\t\t\t\t\n\t\t\t\t\t\t                    <\/div>\n\t\t\t\t\t                        <div class=\"item-image scroll-effect se-right\">\n                            <img loading=\"lazy\" decoding=\"async\" src=\"https:\/\/exprimoadria.com\/wp-content\/uploads\/2024\/12\/IMG-20241020-WA0063-1024x768.jpg\" alt=\"\" width=\"2000\"\n                                 height=\"1500\">\n                        <\/div>\n\t\t\t\t\t                <\/div>\n\t\t\t                <div class=\"section-solutions-grid-item\">\n                    <div class=\"item-info scroll-effect se-left\">\n\t                                            <h2>Tecnici esperti<\/h2>\n\t\t\t\t\t\t<p>Il nostro team \u00e8 altamente qualificato nell&#8217;applicare il Shrink Wrapping, garantendo che ogni rivestimento venga applicato in modo preciso e accurato.<\/p>\n\n\t\t\t\t\t\t\n\t\t\t\t\t\t                    <\/div>\n\t\t\t\t\t                        <div class=\"item-image scroll-effect se-right\">\n                            <img loading=\"lazy\" decoding=\"async\" src=\"https:\/\/exprimoadria.com\/wp-content\/uploads\/2025\/02\/IMG-20241106-WA0003-1024x1024.jpg\" alt=\"\" width=\"2048\"\n                                 height=\"2048\">\n                        <\/div>\n\t\t\t\t\t                <\/div>\n\t\t\t                <div class=\"section-solutions-grid-item\">\n                    <div class=\"item-info scroll-effect se-left\">\n\t                                            <h2>Prezzi competitivi<\/h2>\n\t\t\t\t\t\t<p>Offriamo prezzi competitivi per il nostro Shrink Wrapping di alta qualit\u00e0, rendendolo una soluzione accessibile per ogni proprietario di imbarcazioni.<\/p>\n\n\t\t\t\t\t\t\n\t\t\t\t\t\t                    <\/div>\n\t\t\t\t\t                        <div class=\"item-image scroll-effect se-right\">\n                            <img loading=\"lazy\" decoding=\"async\" src=\"https:\/\/exprimoadria.com\/wp-content\/uploads\/2025\/02\/IMG-20241020-WA0084-1024x577.jpg\" alt=\"\" width=\"2048\"\n                                 height=\"1153\">\n                        <\/div>\n\t\t\t\t\t                <\/div>\n\t\t\t                <div class=\"section-solutions-grid-item\">\n                    <div class=\"item-info scroll-effect se-left\">\n\t                                            <h2>Ideale per:<\/h2>\n\t\t\t\t\t\t<p>\u2744 <strong>Stoccaggio invernale<\/strong> \u2013 Proteggi la tua imbarcazione da neve, ghiaccio e basse temperature.<br \/>\n\ud83d\udea2 <strong>Transporto<\/strong> \u2013 Garantisci una protezione completa durante i trasporti a lungo termine.<br \/>\n\ud83c\udf26 <strong>Stoccaggio all&#8217;aperto<\/strong> \u2013 Evita danni da sole, pioggia e vento.<\/p>\n\n\t\t\t\t\t\t\n\t\t\t\t\t\t                    <\/div>\n\t\t\t\t\t                        <div class=\"item-image scroll-effect se-right\">\n                            <img loading=\"lazy\" decoding=\"async\" src=\"https:\/\/exprimoadria.com\/wp-content\/uploads\/2024\/11\/IMG-20230614-WA0013.jpg\" alt=\"\" width=\"1024\"\n                                 height=\"768\">\n                        <\/div>\n\t\t\t\t\t                <\/div>\n\t\t\t        <\/div>\n    <\/section>\n\n\n\n<h2 class=\"wp-block-heading\"><\/h2>\n\n\n    <section class=\"block-cf7-custom dark\">\n        <div class=\"block-cf7-custom-wrapper container\">\n            <h2 class=\"block-cf7-custom-title\">Proteggi la tua attrezzatura industriale con le nostre soluzioni Shrink Wrap<\/h2>\n            <div class=\"block-cf7-custom-description\">\ud83d\udcdeContattaci oggi stesso e prenota il tuo servizio di avvolgimento Shrink Wrap!\r\n<br>Garantisci la migliore protezione per la tua imbarcazione e lasciaci il compito di avvolgerla. Chiamaci o vieni a trovarci per scoprire come possiamo aiutarti a proteggere il tuo investimento con il nostro servizio professionale di Shrink Wrap. \r\n(Lascia spazio per il contatto e l&#8217;indirizzo e-mail)<\/div>\n            <div class=\"form-container\">\n\t\t\t\t\n<div class=\"wpcf7 no-js\" id=\"wpcf7-f1434-o1\" lang=\"it-IT\" dir=\"ltr\" data-wpcf7-id=\"1434\">\n<div class=\"screen-reader-response\"><p role=\"status\" aria-live=\"polite\" aria-atomic=\"true\"><\/p> <ul><\/ul><\/div>\n<form action=\"\/it\/wp-json\/wp\/v2\/pages\/1095#wpcf7-f1434-o1\" method=\"post\" class=\"wpcf7-form init\" aria-label=\"Modulo di contatto\" novalidate=\"novalidate\" data-status=\"init\">\n<fieldset class=\"hidden-fields-container\"><input type=\"hidden\" name=\"_wpcf7\" value=\"1434\" \/><input type=\"hidden\" name=\"_wpcf7_version\" value=\"6.1.5\" \/><input type=\"hidden\" name=\"_wpcf7_locale\" value=\"it_IT\" \/><input type=\"hidden\" name=\"_wpcf7_unit_tag\" value=\"wpcf7-f1434-o1\" \/><input type=\"hidden\" name=\"_wpcf7_container_post\" value=\"0\" \/><input type=\"hidden\" name=\"_wpcf7_posted_data_hash\" value=\"\" \/><input type=\"hidden\" name=\"_wpcf7_recaptcha_response\" value=\"\" \/>\n<\/fieldset>\n<div class=\"form-fields\">\n<div class=\"form-fields\">\n\n<div class=\"form-field wide\"><label>Nome e cognome <span class=\"wpcf7-form-control-wrap\" data-name=\"your-name\"><input size=\"40\" maxlength=\"400\" class=\"wpcf7-form-control wpcf7-text wpcf7-validates-as-required\" autocomplete=\"name\" aria-required=\"true\" aria-invalid=\"false\" value=\"\" type=\"text\" name=\"your-name\" \/><\/span> <\/label><\/div>\n\n<div class=\"form-field wide\"><label>Email <span class=\"wpcf7-form-control-wrap\" data-name=\"your-email\"><input size=\"40\" maxlength=\"400\" class=\"wpcf7-form-control wpcf7-email wpcf7-validates-as-required wpcf7-text wpcf7-validates-as-email\" autocomplete=\"email\" aria-required=\"true\" aria-invalid=\"false\" value=\"\" type=\"email\" name=\"your-email\" \/><\/span> <\/label><\/div>\n\n<div class=\"form-field wide\"><label>Telefono <span class=\"wpcf7-form-control-wrap\" data-name=\"your-phone\"><input size=\"40\" maxlength=\"400\" class=\"wpcf7-form-control wpcf7-text\" aria-invalid=\"false\" value=\"\" type=\"text\" name=\"your-phone\" \/><\/span><\/label><\/div>\n\n<\/div>\n\n<div class=\"form-fields\">\n\n<div class=\"form-field wide\"><label>La tua richiesta: <span class=\"wpcf7-form-control-wrap\" data-name=\"your-message\"><textarea cols=\"10\" rows=\"7\" maxlength=\"2000\" class=\"wpcf7-form-control wpcf7-textarea\" aria-invalid=\"false\" name=\"your-message\"><\/textarea><\/span> <\/label><\/div>\n\n<div class=\"form-field wide\"><input class=\"wpcf7-form-control wpcf7-submit has-spinner\" type=\"submit\" value=\"Invia\" \/><\/div>\n\n<\/div>\n\n<\/div><div class=\"wpcf7-response-output\" aria-hidden=\"true\"><\/div>\n<\/form>\n<\/div>\n            <\/div>\n        <\/div>\n    <\/section>\n","protected":false},"excerpt":{"rendered":"","protected":false},"author":1,"featured_media":0,"parent":0,"menu_order":0,"comment_status":"closed","ping_status":"closed","template":"templates\/page-wide.php","meta":{"_acf_changed":false,"inline_featured_image":false,"footnotes":""},"class_list":["post-1095","page","type-page","status-publish","hentry"],"acf":[],"yoast_head":"<!-- This site is optimized with the Yoast SEO plugin v27.5 - https:\/\/yoast.com\/product\/yoast-seo-wordpress\/ -->\n<title>Stazione di avvolgimento - Exprimo Adria - shrink wrap co.<\/title>\n<meta name=\"robots\" content=\"index, follow, max-snippet:-1, max-image-preview:large, max-video-preview:-1\" \/>\n<link rel=\"canonical\" href=\"https:\/\/exprimoadria.com\/it\/postaja-za-omatanje\/\" \/>\n<meta property=\"og:locale\" content=\"it_IT\" \/>\n<meta property=\"og:type\" content=\"article\" \/>\n<meta property=\"og:title\" content=\"Stazione di avvolgimento - Exprimo Adria - shrink wrap co.\" \/>\n<meta property=\"og:url\" content=\"https:\/\/exprimoadria.com\/it\/postaja-za-omatanje\/\" \/>\n<meta property=\"og:site_name\" content=\"Exprimo Adria - shrink wrap co.\" \/>\n<meta property=\"article:modified_time\" content=\"2025-03-14T10:35:55+00:00\" \/>\n<meta name=\"twitter:card\" content=\"summary_large_image\" \/>\n<script type=\"application\/ld+json\" class=\"yoast-schema-graph\">{\"@context\":\"https:\\\/\\\/schema.org\",\"@graph\":[{\"@type\":\"WebPage\",\"@id\":\"https:\\\/\\\/exprimoadria.com\\\/it\\\/postaja-za-omatanje\\\/\",\"url\":\"https:\\\/\\\/exprimoadria.com\\\/it\\\/postaja-za-omatanje\\\/\",\"name\":\"Stazione di avvolgimento - Exprimo Adria - shrink wrap co.\",\"isPartOf\":{\"@id\":\"https:\\\/\\\/exprimoadria.com\\\/it\\\/#website\"},\"datePublished\":\"2025-02-24T08:18:03+00:00\",\"dateModified\":\"2025-03-14T10:35:55+00:00\",\"breadcrumb\":{\"@id\":\"https:\\\/\\\/exprimoadria.com\\\/it\\\/postaja-za-omatanje\\\/#breadcrumb\"},\"inLanguage\":\"it-IT\",\"potentialAction\":[{\"@type\":\"ReadAction\",\"target\":[\"https:\\\/\\\/exprimoadria.com\\\/it\\\/postaja-za-omatanje\\\/\"]}]},{\"@type\":\"BreadcrumbList\",\"@id\":\"https:\\\/\\\/exprimoadria.com\\\/it\\\/postaja-za-omatanje\\\/#breadcrumb\",\"itemListElement\":[{\"@type\":\"ListItem\",\"position\":1,\"name\":\"Po\u010detna stranica\",\"item\":\"https:\\\/\\\/exprimoadria.com\\\/it\\\/\"},{\"@type\":\"ListItem\",\"position\":2,\"name\":\"Stazione di avvolgimento\"}]},{\"@type\":\"WebSite\",\"@id\":\"https:\\\/\\\/exprimoadria.com\\\/it\\\/#website\",\"url\":\"https:\\\/\\\/exprimoadria.com\\\/it\\\/\",\"name\":\"Exprimo Adria - shrink wrap co.\",\"description\":\"\",\"publisher\":{\"@id\":\"https:\\\/\\\/exprimoadria.com\\\/it\\\/#organization\"},\"potentialAction\":[{\"@type\":\"SearchAction\",\"target\":{\"@type\":\"EntryPoint\",\"urlTemplate\":\"https:\\\/\\\/exprimoadria.com\\\/it\\\/?s={search_term_string}\"},\"query-input\":{\"@type\":\"PropertyValueSpecification\",\"valueRequired\":true,\"valueName\":\"search_term_string\"}}],\"inLanguage\":\"it-IT\"},{\"@type\":\"Organization\",\"@id\":\"https:\\\/\\\/exprimoadria.com\\\/it\\\/#organization\",\"name\":\"Exprimo Adria - shrink wrap co.\",\"url\":\"https:\\\/\\\/exprimoadria.com\\\/it\\\/\",\"logo\":{\"@type\":\"ImageObject\",\"inLanguage\":\"it-IT\",\"@id\":\"https:\\\/\\\/exprimoadria.com\\\/it\\\/#\\\/schema\\\/logo\\\/image\\\/\",\"url\":\"https:\\\/\\\/exprimoadria.com\\\/wp-content\\\/uploads\\\/2024\\\/10\\\/Exprimo_Adria_Logo.svg\",\"contentUrl\":\"https:\\\/\\\/exprimoadria.com\\\/wp-content\\\/uploads\\\/2024\\\/10\\\/Exprimo_Adria_Logo.svg\",\"width\":217,\"height\":217,\"caption\":\"Exprimo Adria - shrink wrap co.\"},\"image\":{\"@id\":\"https:\\\/\\\/exprimoadria.com\\\/it\\\/#\\\/schema\\\/logo\\\/image\\\/\"}}]}<\/script>\n<!-- \/ Yoast SEO plugin. -->","yoast_head_json":{"title":"Stazione di avvolgimento - Exprimo Adria - shrink wrap co.","robots":{"index":"index","follow":"follow","max-snippet":"max-snippet:-1","max-image-preview":"max-image-preview:large","max-video-preview":"max-video-preview:-1"},"canonical":"https:\/\/exprimoadria.com\/it\/postaja-za-omatanje\/","og_locale":"it_IT","og_type":"article","og_title":"Stazione di avvolgimento - Exprimo Adria - shrink wrap co.","og_url":"https:\/\/exprimoadria.com\/it\/postaja-za-omatanje\/","og_site_name":"Exprimo Adria - shrink wrap co.","article_modified_time":"2025-03-14T10:35:55+00:00","twitter_card":"summary_large_image","schema":{"@context":"https:\/\/schema.org","@graph":[{"@type":"WebPage","@id":"https:\/\/exprimoadria.com\/it\/postaja-za-omatanje\/","url":"https:\/\/exprimoadria.com\/it\/postaja-za-omatanje\/","name":"Stazione di avvolgimento - Exprimo Adria - shrink wrap co.","isPartOf":{"@id":"https:\/\/exprimoadria.com\/it\/#website"},"datePublished":"2025-02-24T08:18:03+00:00","dateModified":"2025-03-14T10:35:55+00:00","breadcrumb":{"@id":"https:\/\/exprimoadria.com\/it\/postaja-za-omatanje\/#breadcrumb"},"inLanguage":"it-IT","potentialAction":[{"@type":"ReadAction","target":["https:\/\/exprimoadria.com\/it\/postaja-za-omatanje\/"]}]},{"@type":"BreadcrumbList","@id":"https:\/\/exprimoadria.com\/it\/postaja-za-omatanje\/#breadcrumb","itemListElement":[{"@type":"ListItem","position":1,"name":"Po\u010detna stranica","item":"https:\/\/exprimoadria.com\/it\/"},{"@type":"ListItem","position":2,"name":"Stazione di avvolgimento"}]},{"@type":"WebSite","@id":"https:\/\/exprimoadria.com\/it\/#website","url":"https:\/\/exprimoadria.com\/it\/","name":"Exprimo Adria - shrink wrap co.","description":"","publisher":{"@id":"https:\/\/exprimoadria.com\/it\/#organization"},"potentialAction":[{"@type":"SearchAction","target":{"@type":"EntryPoint","urlTemplate":"https:\/\/exprimoadria.com\/it\/?s={search_term_string}"},"query-input":{"@type":"PropertyValueSpecification","valueRequired":true,"valueName":"search_term_string"}}],"inLanguage":"it-IT"},{"@type":"Organization","@id":"https:\/\/exprimoadria.com\/it\/#organization","name":"Exprimo Adria - shrink wrap co.","url":"https:\/\/exprimoadria.com\/it\/","logo":{"@type":"ImageObject","inLanguage":"it-IT","@id":"https:\/\/exprimoadria.com\/it\/#\/schema\/logo\/image\/","url":"https:\/\/exprimoadria.com\/wp-content\/uploads\/2024\/10\/Exprimo_Adria_Logo.svg","contentUrl":"https:\/\/exprimoadria.com\/wp-content\/uploads\/2024\/10\/Exprimo_Adria_Logo.svg","width":217,"height":217,"caption":"Exprimo Adria - shrink wrap co."},"image":{"@id":"https:\/\/exprimoadria.com\/it\/#\/schema\/logo\/image\/"}}]}},"_links":{"self":[{"href":"https:\/\/exprimoadria.com\/it\/wp-json\/wp\/v2\/pages\/1095","targetHints":{"allow":["GET"]}}],"collection":[{"href":"https:\/\/exprimoadria.com\/it\/wp-json\/wp\/v2\/pages"}],"about":[{"href":"https:\/\/exprimoadria.com\/it\/wp-json\/wp\/v2\/types\/page"}],"author":[{"embeddable":true,"href":"https:\/\/exprimoadria.com\/it\/wp-json\/wp\/v2\/users\/1"}],"replies":[{"embeddable":true,"href":"https:\/\/exprimoadria.com\/it\/wp-json\/wp\/v2\/comments?post=1095"}],"version-history":[{"count":2,"href":"https:\/\/exprimoadria.com\/it\/wp-json\/wp\/v2\/pages\/1095\/revisions"}],"predecessor-version":[{"id":1275,"href":"https:\/\/exprimoadria.com\/it\/wp-json\/wp\/v2\/pages\/1095\/revisions\/1275"}],"wp:attachment":[{"href":"https:\/\/exprimoadria.com\/it\/wp-json\/wp\/v2\/media?parent=1095"}],"curies":[{"name":"wp","href":"https:\/\/api.w.org\/{rel}","templated":true}]}}